{"id":4747,"date":"2024-10-17T12:30:35","date_gmt":"2024-10-17T10:30:35","guid":{"rendered":"https:\/\/olakopplinger.com\/?post_type=product&#038;p=4747"},"modified":"2025-11-12T11:51:38","modified_gmt":"2025-11-12T10:51:38","slug":"gauri-gatha-ausbildung","status":"publish","type":"product","link":"https:\/\/olakopplinger.com\/de\/produkt\/gauri-gatha-ausbildung\/","title":{"rendered":"Gauri-Gatha Ausbildung"},"content":{"rendered":"<p>[et_pb_section fb_built=&#8220;1&#8243; _builder_version=&#8220;4.16&#8243; custom_padding=&#8220;0px||||false|false&#8220; global_colors_info=&#8220;{}&#8220;][et_pb_row _builder_version=&#8220;4.16&#8243; background_size=&#8220;initial&#8220; background_position=&#8220;top_left&#8220; background_repeat=&#8220;repeat&#8220; width=&#8220;100%&#8220; custom_padding=&#8220;0px||0px||false|false&#8220; global_colors_info=&#8220;{}&#8220;][et_pb_column type=&#8220;4_4&#8243; _builder_version=&#8220;4.16&#8243; custom_padding=&#8220;|||&#8220; global_colors_info=&#8220;{}&#8220; custom_padding__hover=&#8220;|||&#8220;][et_pb_wc_cart_notice _builder_version=&#8220;4.16&#8243; global_colors_info=&#8220;{}&#8220;][\/et_pb_wc_cart_notice][\/et_pb_column][\/et_pb_row][et_pb_row column_structure=&#8220;1_2,1_2&#8243; _builder_version=&#8220;4.16&#8243; background_size=&#8220;initial&#8220; background_position=&#8220;top_left&#8220; background_repeat=&#8220;repeat&#8220; width=&#8220;100%&#8220; custom_padding=&#8220;0px||||false|false&#8220; global_colors_info=&#8220;{}&#8220;][et_pb_column type=&#8220;1_2&#8243; _builder_version=&#8220;4.16&#8243; custom_padding=&#8220;|||&#8220; global_colors_info=&#8220;{}&#8220; custom_padding__hover=&#8220;|||&#8220;][et_pb_wc_images _builder_version=&#8220;4.16&#8243; global_colors_info=&#8220;{}&#8220;][\/et_pb_wc_images][\/et_pb_column][et_pb_column type=&#8220;1_2&#8243; _builder_version=&#8220;4.16&#8243; custom_padding=&#8220;|||&#8220; global_colors_info=&#8220;{}&#8220; custom_padding__hover=&#8220;|||&#8220;][et_pb_wc_title _builder_version=&#8220;4.27.4&#8243; global_colors_info=&#8220;{}&#8220;][\/et_pb_wc_title][et_pb_wc_description _builder_version=&#8220;4.27.4&#8243; global_colors_info=&#8220;{}&#8220;][\/et_pb_wc_description][et_pb_wc_price admin_label=&#8220;Woo Produktpreis&#8220; _builder_version=&#8220;4.27.4&#8243; text_orientation=&#8220;left&#8220; module_alignment=&#8220;left&#8220; hover_enabled=&#8220;0&#8243; global_colors_info=&#8220;{}&#8220; sticky_enabled=&#8220;0&#8243;][\/et_pb_wc_price][et_pb_wc_add_to_cart _builder_version=&#8220;4.16&#8243; global_colors_info=&#8220;{}&#8220;][\/et_pb_wc_add_to_cart][\/et_pb_column][\/et_pb_row][et_pb_row _builder_version=&#8220;4.16&#8243; background_size=&#8220;initial&#8220; background_position=&#8220;top_left&#8220; background_repeat=&#8220;repeat&#8220; width=&#8220;100%&#8220; global_colors_info=&#8220;{}&#8220;][et_pb_column type=&#8220;4_4&#8243; _builder_version=&#8220;4.16&#8243; custom_padding=&#8220;|||&#8220; global_colors_info=&#8220;{}&#8220; custom_padding__hover=&#8220;|||&#8220;][et_pb_wc_tabs _builder_version=&#8220;4.16&#8243; global_colors_info=&#8220;{}&#8220;] [\/et_pb_wc_tabs][et_pb_wc_upsells _builder_version=&#8220;4.16&#8243; global_colors_info=&#8220;{}&#8220;][\/et_pb_wc_upsells][et_pb_wc_related_products _builder_version=&#8220;4.16&#8243; global_colors_info=&#8220;{}&#8220;][\/et_pb_wc_related_products][\/et_pb_column][\/et_pb_row][\/et_pb_section]<\/p>\n","protected":false},"excerpt":{"rendered":"<p><strong>Die Aufstellungsarbeit in g\u00f6ttlicher Gesetzm\u00e4\u00dfigkeit<\/strong><\/p>\n<p>Gauri Gatha ist eine multidimensionale Aufstellungsarbeit, die alle Ebenen des Menschseins miteinander verbindet:<\/p>\n<ul>\n<li>den irdischen Alltag<\/li>\n<li>karmische Verstrickungen<\/li>\n<li>energetische und famili\u00e4re Felder<\/li>\n<li>kollektive und gesellschaftliche Themen<\/li>\n<\/ul>\n<p>Hier wird sichtbar, was wirkt \u2013 und was in Heilung kommen darf. Ob Familienthemen, k\u00f6rperliche Beschwerden, emotionale Blockaden oder finanzielle Schwierigkeiten \u2013 alles kann aufgestellt werden, um sich in g\u00f6ttlicher Ordnung neu zu finden.<\/p>\n<p><strong>Datum:<\/strong> 21.\u201324. M\u00e4rz 2026<br \/>\n<strong>Ort:<\/strong> Bonn (Live vor Ort)<\/p>\n<p>In englisch und deutsch<\/p>\n","protected":false},"featured_media":5191,"comment_status":"closed","ping_status":"closed","template":"","meta":{"_et_pb_use_builder":"on","_et_pb_old_content":"<h3>Energieverschiebung ist gl\u00fcckliche Lebensf\u00fchrung<\/h3>\r\nErlebe, wie akute Probleme sich aufl\u00f6sen, Beziehungen sich vertiefen und Lebensumst\u00e4nde sich transformieren \u2013 durch bewusste Entscheidungen und die Kraft von Gauri Gatha\r\n<h2>Warum Energieverschiebung so wertvoll ist<\/h2>\r\nWir alle kennen es: Wie schnell ein akutes Problem pl\u00f6tzlich gel\u00f6st sein kann \u2013 und wie sich der Tag oder jede Situation im Nu anders anf\u00fchlt.\r\n\r\nDoch manche Themen lassen sich nicht so leicht \u201eumdrehen\u201c. Sie sind blinde Flecken in unserer Geschichte \u2013 gespeichert in unserem Energiefeld.\r\n\r\nUmso kostbarer ist es, jemanden an der Seite zu haben, der die Thematik veranschaulicht, sodass wir sie selbst verstehen \u2013 und der den gesunden Fluss wiederherstellt, damit unsere Lebensumst\u00e4nde sich positiv wandeln k\u00f6nnen.\r\n\r\n<h3>F\u00fchrung beginnt hier!<\/h3>\r\nGauri Gatha ist ein kraftvolles Werkzeug, um F\u00fchrung zu lernen und liebevoll zu leben. Es ist die Br\u00fccke, die Alpha Chi Consultants hilft, aus dem Wissen der 8.-Chakra-Ebene in die Praxis zu kommen.\r\n<h5>Du lernst:<\/h5>\r\n<ul>\r\n \t<li>Heilungsfelder zu halten und zu f\u00fchren<\/li>\r\n \t<li>Menschen sicher durch ihre Prozesse zu begleiten<\/li>\r\n \t<li>Die g\u00f6ttliche Ordnung im Aufstellungsraum sichtbar werden zu lassen<\/li>\r\n<\/ul>\r\n<h5>Besonderheiten:<\/h5>\r\n<ul>\r\n \t<li>Vereint tiefste energetische Arbeit mit sichtbarer, erlebbarer Transformation<\/li>\r\n \t<li>Leicht zug\u00e4nglich \u2013 f\u00fcr erfahrene Spirituelle wie f\u00fcr Neueinsteiger<\/li>\r\n \t<li>Bringt Strukturen in Bewegung, die sich in einem geheilten Fluss neu ordnen<\/li>\r\n \t<li>F\u00fchrt dich tiefer in Selbstf\u00fchrung und Pr\u00e4senz \u2013 die Basis wahren spirituellen Ausdrucks<\/li>\r\n<\/ul>","_et_gb_content_width":""},"product_brand":[],"product_cat":[59],"product_tag":[],"class_list":{"0":"post-4747","1":"product","2":"type-product","3":"status-publish","4":"has-post-thumbnail","6":"product_cat-seminar","8":"first","9":"instock","10":"virtual","11":"taxable","12":"purchasable","13":"product-type-simple"},"_links":{"self":[{"href":"https:\/\/olakopplinger.com\/de\/wp-json\/wp\/v2\/product\/4747","targetHints":{"allow":["GET"]}}],"collection":[{"href":"https:\/\/olakopplinger.com\/de\/wp-json\/wp\/v2\/product"}],"about":[{"href":"https:\/\/olakopplinger.com\/de\/wp-json\/wp\/v2\/types\/product"}],"replies":[{"embeddable":true,"href":"https:\/\/olakopplinger.com\/de\/wp-json\/wp\/v2\/comments?post=4747"}],"wp:featuredmedia":[{"embeddable":true,"href":"https:\/\/olakopplinger.com\/de\/wp-json\/wp\/v2\/media\/5191"}],"wp:attachment":[{"href":"https:\/\/olakopplinger.com\/de\/wp-json\/wp\/v2\/media?parent=4747"}],"wp:term":[{"taxonomy":"product_brand","embeddable":true,"href":"https:\/\/olakopplinger.com\/de\/wp-json\/wp\/v2\/product_brand?post=4747"},{"taxonomy":"product_cat","embeddable":true,"href":"https:\/\/olakopplinger.com\/de\/wp-json\/wp\/v2\/product_cat?post=4747"},{"taxonomy":"product_tag","embeddable":true,"href":"https:\/\/olakopplinger.com\/de\/wp-json\/wp\/v2\/product_tag?post=4747"}],"curies":[{"name":"wp","href":"https:\/\/api.w.org\/{rel}","templated":true}]}}