{"id":1819,"date":"2021-04-11T16:51:24","date_gmt":"2021-04-11T14:51:24","guid":{"rendered":"https:\/\/olakopplinger.com\/?post_type=product&#038;p=1819"},"modified":"2024-05-29T11:40:34","modified_gmt":"2024-05-29T09:40:34","slug":"women-fulfillment","status":"publish","type":"product","link":"https:\/\/olakopplinger.com\/de\/produkt\/women-fulfillment\/","title":{"rendered":"Women fulfillment + Bonus Meditation &#8211; Anregung und Ausdehnung deiner weiblichen Kr\u00e4fte"},"content":{"rendered":"<p>Lass dich mitnehmen von &#8222;Women fulfillment&#8220; &#8211;<\/p>\n<p>dich da hintragen, wo deine n\u00e4chste Knospe im Frausein erwachen m\u00f6chte.<\/p>\n<p>* Regt den weiblichen Sch\u00f6pfungsfluss an<\/p>\n<p>* Unterst\u00fctzt dich in Zeiten des Geb\u00e4rens<\/p>\n<p>* Schenkt Heilung unterdr\u00fcckter Anteile<\/p>\n<p>* Ber\u00fchrt da, wo mehr Freisein gelebt werden m\u00f6chte<\/p>\n<p>* Unterst\u00fctzt dich in deinem ureigenen Erwachen des Frausein<\/p>\n<p>* Es beinhaltet den Ausgleich von Feuer und Wasser &#8211;<\/p>\n<p>getragen von allem, was die Sch\u00f6pfung schon immer<\/p>\n<p>beinhaltet hat.<\/p>\n<p>* In ihm sind die Kr\u00e4fte von Shakti und die Kraft des weiblichen Shivas vereint.<\/p>\n<p>Anwendung: Wenige K\u00f6rner t\u00e4gl. in 1 Liter Wasser l\u00f6sen und \u00fcber den Tag verteilt trinken.1x mal t\u00e4glich eine sanfte Bauchmassage.<\/p>\n<p>Created with Love<\/p>\n","protected":false},"excerpt":{"rendered":"<p>Lass dich mitnehmen von &#8222;Women fulfillment&#8220; &#8211; dich da hintragen, wo deine n\u00e4chste Knospe im Frausein erwachen m\u00f6chte. * Regt den weiblichen Sch\u00f6pfungsfluss an * Unterst\u00fctzt dich in Zeiten des Geb\u00e4rens * Schenkt Heilung unterdr\u00fcckter Anteile * Ber\u00fchrt da, wo mehr Freisein gelebt werden m\u00f6chte * Unterst\u00fctzt dich in deinem ureigenen Erwachen des Frausein * [&hellip;]<\/p>\n","protected":false},"featured_media":1820,"comment_status":"open","ping_status":"closed","template":"","meta":{"_et_pb_use_builder":"","_et_pb_old_content":"","_et_gb_content_width":""},"product_brand":[],"product_cat":[36],"product_tag":[],"class_list":{"0":"post-1819","1":"product","2":"type-product","3":"status-publish","4":"has-post-thumbnail","6":"product_cat-unkategorisiert","8":"first","9":"instock","10":"taxable","11":"shipping-taxable","12":"purchasable","13":"product-type-simple"},"_links":{"self":[{"href":"https:\/\/olakopplinger.com\/de\/wp-json\/wp\/v2\/product\/1819","targetHints":{"allow":["GET"]}}],"collection":[{"href":"https:\/\/olakopplinger.com\/de\/wp-json\/wp\/v2\/product"}],"about":[{"href":"https:\/\/olakopplinger.com\/de\/wp-json\/wp\/v2\/types\/product"}],"replies":[{"embeddable":true,"href":"https:\/\/olakopplinger.com\/de\/wp-json\/wp\/v2\/comments?post=1819"}],"wp:featuredmedia":[{"embeddable":true,"href":"https:\/\/olakopplinger.com\/de\/wp-json\/wp\/v2\/media\/1820"}],"wp:attachment":[{"href":"https:\/\/olakopplinger.com\/de\/wp-json\/wp\/v2\/media?parent=1819"}],"wp:term":[{"taxonomy":"product_brand","embeddable":true,"href":"https:\/\/olakopplinger.com\/de\/wp-json\/wp\/v2\/product_brand?post=1819"},{"taxonomy":"product_cat","embeddable":true,"href":"https:\/\/olakopplinger.com\/de\/wp-json\/wp\/v2\/product_cat?post=1819"},{"taxonomy":"product_tag","embeddable":true,"href":"https:\/\/olakopplinger.com\/de\/wp-json\/wp\/v2\/product_tag?post=1819"}],"curies":[{"name":"wp","href":"https:\/\/api.w.org\/{rel}","templated":true}]}}