{"id":1769,"date":"2021-03-25T18:18:37","date_gmt":"2021-03-25T17:18:37","guid":{"rendered":"https:\/\/olakopplinger.com\/?post_type=product&#038;p=1769"},"modified":"2024-05-29T19:50:05","modified_gmt":"2024-05-29T17:50:05","slug":"be-light","status":"publish","type":"product","link":"https:\/\/olakopplinger.com\/de\/produkt\/be-light\/","title":{"rendered":"Be light &#8211; Detox Salz f\u00fcr alle Ebenen, incl. Bonus Meditation zu einem Organ deiner Wahl."},"content":{"rendered":"<p>[et_pb_section fb_built=&#8220;1&#8243; _builder_version=&#8220;4.16&#8243; custom_padding=&#8220;0px||||false|false&#8220; global_colors_info=&#8220;{}&#8220;][et_pb_row _builder_version=&#8220;4.16&#8243; background_size=&#8220;initial&#8220; background_position=&#8220;top_left&#8220; background_repeat=&#8220;repeat&#8220; width=&#8220;100%&#8220; custom_padding=&#8220;0px||0px||false|false&#8220; global_colors_info=&#8220;{}&#8220;][et_pb_column type=&#8220;4_4&#8243; _builder_version=&#8220;4.16&#8243; custom_padding=&#8220;|||&#8220; global_colors_info=&#8220;{}&#8220; custom_padding__hover=&#8220;|||&#8220;][et_pb_wc_breadcrumb _builder_version=&#8220;4.16&#8243; global_colors_info=&#8220;{}&#8220;][\/et_pb_wc_breadcrumb][et_pb_wc_cart_notice _builder_version=&#8220;4.16&#8243; global_colors_info=&#8220;{}&#8220;][\/et_pb_wc_cart_notice][\/et_pb_column][\/et_pb_row][et_pb_row column_structure=&#8220;1_2,1_2&#8243; _builder_version=&#8220;4.16&#8243; background_size=&#8220;initial&#8220; background_position=&#8220;top_left&#8220; background_repeat=&#8220;repeat&#8220; width=&#8220;100%&#8220; custom_padding=&#8220;0px||||false|false&#8220; global_colors_info=&#8220;{}&#8220;][et_pb_column type=&#8220;1_2&#8243; _builder_version=&#8220;4.16&#8243; custom_padding=&#8220;|||&#8220; global_colors_info=&#8220;{}&#8220; custom_padding__hover=&#8220;|||&#8220;][et_pb_wc_images _builder_version=&#8220;4.16&#8243; global_colors_info=&#8220;{}&#8220;][\/et_pb_wc_images][\/et_pb_column][et_pb_column type=&#8220;1_2&#8243; _builder_version=&#8220;4.16&#8243; custom_padding=&#8220;|||&#8220; global_colors_info=&#8220;{}&#8220; custom_padding__hover=&#8220;|||&#8220;][et_pb_wc_title _builder_version=&#8220;4.24.0&#8243; global_colors_info=&#8220;{}&#8220;][\/et_pb_wc_title][et_pb_wc_rating _builder_version=&#8220;4.16&#8243; global_colors_info=&#8220;{}&#8220;][\/et_pb_wc_rating][et_pb_wc_price _builder_version=&#8220;4.16&#8243; global_colors_info=&#8220;{}&#8220;][\/et_pb_wc_price][et_pb_wc_description _builder_version=&#8220;4.16&#8243; global_colors_info=&#8220;{}&#8220;][\/et_pb_wc_description][et_pb_wc_add_to_cart _builder_version=&#8220;4.16&#8243; global_colors_info=&#8220;{}&#8220;][\/et_pb_wc_add_to_cart][et_pb_wc_meta _builder_version=&#8220;4.16&#8243; global_colors_info=&#8220;{}&#8220;][\/et_pb_wc_meta][\/et_pb_column][\/et_pb_row][et_pb_row _builder_version=&#8220;4.16&#8243; background_size=&#8220;initial&#8220; background_position=&#8220;top_left&#8220; background_repeat=&#8220;repeat&#8220; width=&#8220;100%&#8220; global_colors_info=&#8220;{}&#8220;][et_pb_column type=&#8220;4_4&#8243; _builder_version=&#8220;4.16&#8243; custom_padding=&#8220;|||&#8220; global_colors_info=&#8220;{}&#8220; custom_padding__hover=&#8220;|||&#8220;][et_pb_wc_tabs _builder_version=&#8220;4.16&#8243; global_colors_info=&#8220;{}&#8220;]\t\t\t\t\t[\/et_pb_wc_tabs][et_pb_wc_upsells _builder_version=&#8220;4.16&#8243; global_colors_info=&#8220;{}&#8220;][\/et_pb_wc_upsells][et_pb_wc_related_products _builder_version=&#8220;4.16&#8243; global_colors_info=&#8220;{}&#8220;][\/et_pb_wc_related_products][\/et_pb_column][\/et_pb_row][\/et_pb_section][et_pb_section fb_built=&#8220;1&#8243; admin_label=&#8220;section&#8220; _builder_version=&#8220;4.16&#8243; global_colors_info=&#8220;{}&#8220;][et_pb_row admin_label=&#8220;row&#8220; _builder_version=&#8220;4.16&#8243; background_size=&#8220;initial&#8220; background_position=&#8220;top_left&#8220; background_repeat=&#8220;repeat&#8220; global_colors_info=&#8220;{}&#8220;][et_pb_column type=&#8220;4_4&#8243; _builder_version=&#8220;4.16&#8243; custom_padding=&#8220;|||&#8220; global_colors_info=&#8220;{}&#8220; custom_padding__hover=&#8220;|||&#8220;][et_pb_text admin_label=&#8220;Text&#8220; _builder_version=&#8220;4.16&#8243; background_size=&#8220;initial&#8220; background_position=&#8220;top_left&#8220; background_repeat=&#8220;repeat&#8220; global_colors_info=&#8220;{}&#8220;]\u201cBe light\u201d ist das energetisierte Salz der Wahl, das dich unterst\u00fctzt Giftstoffe loszulassen.<\/p>\n<p>Es unterst\u00fctzt dich alten Ballast auf allen Ebenen abzuwerfen und dich mit Licht zu speisen.<\/p>\n<p>Optimal als Erg\u00e4nzung in Detox\/Fasten Kuren, oder wenn dein System aus welchen Gr\u00fcnden auch immer (geistig, seelisch oder k\u00f6rperlich) gerade Schwierigkeiten hat Giftstoffe loszulassen!<\/p>\n<p>Gleichzeitig unterst\u00fctzt es nun in der neu upgedateten Version, die Umstrukturierung deines Systems f\u00fcr die neue Zeit.<\/p>\n<p>Morgens, einen Liter Wasser anrichten und eine kleiner Prise des Salzes darin aufl\u00f6sen &#8211; \u00fcber den Tag verteilt trinken!<\/p>\n<p>Bedenke dabei, es kommt nicht auf die Menge des Salzes an, vielmehr auf die darin enthaltene Energie. Es reichen also wenige K\u00f6rnchen.<\/p>\n<p>Viel Freude beim Ballast abwerfen.<\/p>\n<p><img loading=\"lazy\" decoding=\"async\" class=\"size-full wp-image-1772 aligncenter\" src=\"https:\/\/olakopplinger.com\/wp-content\/uploads\/2021\/03\/createdwithloveola.jpg\" alt=\"\" width=\"218\" height=\"145\" \/>[\/et_pb_text][\/et_pb_column][\/et_pb_row][\/et_pb_section]<\/p>\n","protected":false},"excerpt":{"rendered":"<p>\u201cBe light\u201d ist das energetisierte Salz der Wahl, das dich unterst\u00fctzt Giftstoffe loszulassen. Es unterst\u00fctzt dich alten Ballast auf allen Ebenen abzuwerfen und dich mit Licht zu speisen. Optimal als Erg\u00e4nzung in Detox\/Fasten Kuren, oder wenn dein System aus welchen Gr\u00fcnden auch immer (geistig, seelisch oder k\u00f6rperlich) gerade Schwierigkeiten hat Giftstoffe loszulassen! Gleichzeitig unterst\u00fctzt es [&hellip;]<\/p>\n","protected":false},"featured_media":1791,"comment_status":"open","ping_status":"closed","template":"","meta":{"_et_pb_use_builder":"on","_et_pb_old_content":"\u201cBe light\u201d ist das energetisierte Salz der Wahl, das dich unterst\u00fctzt Giftstoffe loszulassen.\r\n\r\nEs unterst\u00fctzt dich alten Ballast auf allen Ebenen abzuwerfen und dich mit Licht zu speisen.\r\n\r\nOptimal als Erg\u00e4nzung in Detox\/Fasten Kuren, oder wenn dein System aus welchen Gr\u00fcnden auch immer (geistig, seelisch oder k\u00f6rperlich) gerade Schwierigkeiten hat Giftstoffe loszulassen!\r\n\r\nGleichzeitig unterst\u00fctzt es nun in der neu upgedateten Version, die Umstrukturierung deines Systems f\u00fcr die neue Zeit.\r\n\r\nMorgens, einen Liter Wasser anrichten und eine kleiner Prise des Salzes darin aufl\u00f6sen - \u00fcber den Tag verteilt trinken!\r\n\r\nBedenke dabei, es kommt nicht auf die Menge des Salzes an, vielmehr auf die darin enthaltene Energie. Es reichen also wenige K\u00f6rnchen.\r\n\r\nViel Freude beim Ballast abwerfen.\r\n\r\n<img class=\"size-full wp-image-1772 aligncenter\" src=\"https:\/\/olakopplinger.com\/wp-content\/uploads\/2021\/03\/createdwithloveola.jpg\" alt=\"\" width=\"218\" height=\"145\" \/>","_et_gb_content_width":""},"product_brand":[],"product_cat":[37],"product_tag":[],"class_list":{"0":"post-1769","1":"product","2":"type-product","3":"status-publish","4":"has-post-thumbnail","6":"product_cat-salz","8":"first","9":"instock","10":"taxable","11":"shipping-taxable","12":"purchasable","13":"product-type-simple"},"_links":{"self":[{"href":"https:\/\/olakopplinger.com\/de\/wp-json\/wp\/v2\/product\/1769","targetHints":{"allow":["GET"]}}],"collection":[{"href":"https:\/\/olakopplinger.com\/de\/wp-json\/wp\/v2\/product"}],"about":[{"href":"https:\/\/olakopplinger.com\/de\/wp-json\/wp\/v2\/types\/product"}],"replies":[{"embeddable":true,"href":"https:\/\/olakopplinger.com\/de\/wp-json\/wp\/v2\/comments?post=1769"}],"wp:featuredmedia":[{"embeddable":true,"href":"https:\/\/olakopplinger.com\/de\/wp-json\/wp\/v2\/media\/1791"}],"wp:attachment":[{"href":"https:\/\/olakopplinger.com\/de\/wp-json\/wp\/v2\/media?parent=1769"}],"wp:term":[{"taxonomy":"product_brand","embeddable":true,"href":"https:\/\/olakopplinger.com\/de\/wp-json\/wp\/v2\/product_brand?post=1769"},{"taxonomy":"product_cat","embeddable":true,"href":"https:\/\/olakopplinger.com\/de\/wp-json\/wp\/v2\/product_cat?post=1769"},{"taxonomy":"product_tag","embeddable":true,"href":"https:\/\/olakopplinger.com\/de\/wp-json\/wp\/v2\/product_tag?post=1769"}],"curies":[{"name":"wp","href":"https:\/\/api.w.org\/{rel}","templated":true}]}}