{"id":4316,"date":"2024-05-27T09:57:48","date_gmt":"2024-05-27T07:57:48","guid":{"rendered":"https:\/\/olakopplinger.com\/?page_id=4316"},"modified":"2024-06-04T11:22:47","modified_gmt":"2024-06-04T09:22:47","slug":"you-and-me-1-1","status":"publish","type":"page","link":"https:\/\/olakopplinger.com\/de\/you-and-me-1-1\/","title":{"rendered":"You and me 1:1"},"content":{"rendered":"<p>[et_pb_section fb_built=&#8220;1&#8243; _builder_version=&#8220;4.25.1&#8243; _module_preset=&#8220;default&#8220; global_colors_info=&#8220;{}&#8220;][et_pb_row _builder_version=&#8220;4.25.1&#8243; _module_preset=&#8220;default&#8220; global_colors_info=&#8220;{}&#8220;][et_pb_column type=&#8220;4_4&#8243; _builder_version=&#8220;4.25.1&#8243; _module_preset=&#8220;default&#8220; global_colors_info=&#8220;{}&#8220;][et_pb_text _builder_version=&#8220;4.25.1&#8243; _module_preset=&#8220;default&#8220; header_font=&#8220;Playlist||||||||&#8220; header_font_size=&#8220;52px&#8220; global_colors_info=&#8220;{}&#8220;]<\/p>\n<h1>You and me 1:1\u2028\u2028<\/h1>\n<p>[\/et_pb_text][\/et_pb_column][\/et_pb_row][et_pb_row column_structure=&#8220;1_2,1_2&#8243; _builder_version=&#8220;4.25.1&#8243; _module_preset=&#8220;default&#8220; global_colors_info=&#8220;{}&#8220;][et_pb_column type=&#8220;1_2&#8243; _builder_version=&#8220;4.25.1&#8243; _module_preset=&#8220;default&#8220; global_colors_info=&#8220;{}&#8220;][et_pb_image src=&#8220;https:\/\/olakopplinger.com\/wp-content\/uploads\/2024\/05\/button-you-and-me-w.png&#8220; title_text=&#8220;You and me 1:1&#8243; align=&#8220;center&#8220; _builder_version=&#8220;4.25.1&#8243; _module_preset=&#8220;default&#8220; width=&#8220;70%&#8220; custom_margin=&#8220;||30px||false|false&#8220; global_colors_info=&#8220;{}&#8220;][\/et_pb_image][\/et_pb_column][et_pb_column type=&#8220;1_2&#8243; _builder_version=&#8220;4.25.1&#8243; _module_preset=&#8220;default&#8220; global_colors_info=&#8220;{}&#8220;][et_pb_text _builder_version=&#8220;4.25.1&#8243; _module_preset=&#8220;default&#8220; hover_enabled=&#8220;0&#8243; global_colors_info=&#8220;{}&#8220; sticky_enabled=&#8220;0&#8243;]<\/p>\n<p>Hier arbeiten wir v\u00f6llig exklusive an deinen Bed\u00fcrfnissen.<\/p>\n<p>Wir kl\u00e4ren in einem Gespr\u00e4ch, wo du stehst und gerne ankommen m\u00f6chtest.\u2028\u2028Ich greife dich aus dem Ursprungsfeuer heraus und lese f\u00fcr dich dein kostenfreies reading f\u00fcr deine Heilung und Wegfinder Konzept.<\/p>\n<p>Der Preis gestaltet sich nach der Energiebewegung, die f\u00fcr dein Konzept notwendig ist und wird im reading mitgeteilt.<\/p>\n<p><strong>Der Preis gestaltet sich nach deiner m\u00f6glichen Energiebewegung.<\/strong><\/p>\n<p>[\/et_pb_text][et_pb_button button_url=&#8220;https:\/\/olakopplinger.com\/kontakt\/&#8220; button_text=&#8220;Kontaktiere mich&#8220; _builder_version=&#8220;4.25.1&#8243; _module_preset=&#8220;default&#8220; global_colors_info=&#8220;{}&#8220;][\/et_pb_button][\/et_pb_column][\/et_pb_row][\/et_pb_section]<\/p>\n","protected":false},"excerpt":{"rendered":"<p>You and me 1:1\u2028\u2028Hier arbeiten wir v\u00f6llig exklusive an deinen Bed\u00fcrfnissen. Wir kl\u00e4ren in einem Gespr\u00e4ch, wo du stehst und gerne ankommen m\u00f6chtest.\u2028\u2028Ich greife dich aus dem Ursprungsfeuer heraus und lese f\u00fcr dich dein kostenfreies reading f\u00fcr deine Heilung und Wegfinder Konzept. Der Preis gestaltet sich nach der Energiebewegung, die f\u00fcr dein Konzept notwendig ist [&hellip;]<\/p>\n","protected":false},"author":1,"featured_media":0,"parent":0,"menu_order":0,"comment_status":"closed","ping_status":"closed","template":"","meta":{"_et_pb_use_builder":"on","_et_pb_old_content":"","_et_gb_content_width":"","footnotes":""},"class_list":["post-4316","page","type-page","status-publish","hentry"],"_links":{"self":[{"href":"https:\/\/olakopplinger.com\/de\/wp-json\/wp\/v2\/pages\/4316","targetHints":{"allow":["GET"]}}],"collection":[{"href":"https:\/\/olakopplinger.com\/de\/wp-json\/wp\/v2\/pages"}],"about":[{"href":"https:\/\/olakopplinger.com\/de\/wp-json\/wp\/v2\/types\/page"}],"author":[{"embeddable":true,"href":"https:\/\/olakopplinger.com\/de\/wp-json\/wp\/v2\/users\/1"}],"replies":[{"embeddable":true,"href":"https:\/\/olakopplinger.com\/de\/wp-json\/wp\/v2\/comments?post=4316"}],"version-history":[{"count":9,"href":"https:\/\/olakopplinger.com\/de\/wp-json\/wp\/v2\/pages\/4316\/revisions"}],"predecessor-version":[{"id":4479,"href":"https:\/\/olakopplinger.com\/de\/wp-json\/wp\/v2\/pages\/4316\/revisions\/4479"}],"wp:attachment":[{"href":"https:\/\/olakopplinger.com\/de\/wp-json\/wp\/v2\/media?parent=4316"}],"curies":[{"name":"wp","href":"https:\/\/api.w.org\/{rel}","templated":true}]}}