{"id":4127,"date":"2023-12-13T12:37:36","date_gmt":"2023-12-13T11:37:36","guid":{"rendered":"https:\/\/olakopplinger.com\/?page_id=4127"},"modified":"2026-03-18T11:11:28","modified_gmt":"2026-03-18T10:11:28","slug":"der-weg-in-die-kraft-des-weiblichen-shivas","status":"publish","type":"page","link":"https:\/\/olakopplinger.com\/de\/der-weg-in-die-kraft-des-weiblichen-shivas\/","title":{"rendered":"Der Weg in die Kraft des weiblichen Shivas"},"content":{"rendered":"<p>[et_pb_section fb_built=&#8220;1&#8243; fullwidth=&#8220;on&#8220; admin_label=&#8220;Header&#8220; _builder_version=&#8220;4.23.1&#8243; background_image=&#8220;https:\/\/olakopplinger.com\/wp-content\/uploads\/2023\/12\/Header-weiblicher-shiva.jpg&#8220; custom_margin=&#8220;0px||0px||false|false&#8220; custom_margin_tablet=&#8220;0px||0px||false|false&#8220; custom_margin_phone=&#8220;0px||0px||false|false&#8220; custom_margin_last_edited=&#8220;on|tablet&#8220; custom_padding=&#8220;0px||0px||false|false&#8220; top_divider_color=&#8220;rgba(255,255,255,0.3)&#8220; top_divider_height=&#8220;202%&#8220; top_divider_repeat=&#8220;0.7x&#8220; bottom_divider_color=&#8220;rgba(255,255,255,0.16)&#8220; bottom_divider_height=&#8220;145%&#8220; background_last_edited=&#8220;on|phone&#8220; background_enable_color_phone=&#8220;off&#8220; background_image_tablet=&#8220;https:\/\/olakopplinger.com\/wp-content\/uploads\/2023\/12\/Header-weiblicher-shiva.jpg&#8220; background_image_phone=&#8220;https:\/\/olakopplinger.com\/wp-content\/uploads\/2023\/12\/Header-weiblicher-shiva.jpg&#8220; background_enable_image_tablet=&#8220;on&#8220; background_enable_image_phone=&#8220;on&#8220; background_size_phone=&#8220;contain&#8220; locked=&#8220;off&#8220; global_colors_info=&#8220;{}&#8220;][et_pb_fullwidth_header title=&#8220;      &#8220; subhead=&#8220;Die Kraft des weiblichen Shivas&#8220; button_one_url=&#8220;#1&#8243; background_overlay_color=&#8220;RGBA(255,255,255,0)&#8220; content_max_width_tablet=&#8220;100%&#8220; content_max_width_phone=&#8220;&#8220; content_max_width_last_edited=&#8220;on|desktop&#8220; _builder_version=&#8220;4.27.4&#8243; title_level=&#8220;h4&#8243; title_font=&#8220;|300|||||||&#8220; title_text_color=&#8220;#d60e0e&#8220; title_font_size=&#8220;28px&#8220; content_font=&#8220;|700|||||||&#8220; content_font_size=&#8220;23px&#8220; subhead_font=&#8220;Playlist||||||||&#8220; subhead_text_align=&#8220;right&#8220; subhead_text_color=&#8220;#800000&#8243; subhead_font_size=&#8220;77px&#8220; subhead_line_height=&#8220;1.4em&#8220; background_color=&#8220;RGBA(255,255,255,0)&#8220; background_enable_image=&#8220;off&#8220; custom_button_one=&#8220;on&#8220; button_one_text_size=&#8220;14px&#8220; button_one_text_color=&#8220;#ffffff&#8220; button_one_bg_color=&#8220;#c4beb9&#8243; button_one_border_width=&#8220;14px&#8220; button_one_border_color=&#8220;#c4beb9&#8243; button_one_border_radius=&#8220;0px&#8220; button_one_letter_spacing=&#8220;4px&#8220; button_one_font=&#8220;Poppins|500||on|||||&#8220; background_layout=&#8220;light&#8220; min_height=&#8220;382.1px&#8220; min_height_tablet=&#8220;382.1px&#8220; min_height_phone=&#8220;300px&#8220; min_height_last_edited=&#8220;on|phone&#8220; custom_margin=&#8220;0px|0px|0px|20%|false|false&#8220; custom_margin_tablet=&#8220;0px|0px|0px|20%|false|false&#8220; custom_margin_phone=&#8220;0px|0px|0px|10%|false|false&#8220; custom_margin_last_edited=&#8220;on|desktop&#8220; custom_padding=&#8220;285px|0px|108px|20%|false|false&#8220; custom_padding_tablet=&#8220;200px||||false|false&#8220; custom_padding_phone=&#8220;115px||0px|0px|false|false&#8220; custom_padding_last_edited=&#8220;on|phone&#8220; animation_style=&#8220;slide&#8220; animation_direction=&#8220;bottom&#8220; animation_duration=&#8220;1300ms&#8220; animation_intensity_slide=&#8220;9%&#8220; title_font_tablet=&#8220;|300|||||||&#8220; title_font_phone=&#8220;|300|||||||&#8220; title_font_last_edited=&#8220;on|tablet&#8220; content_font_size_tablet=&#8220;23px&#8220; content_font_size_phone=&#8220;23px&#8220; content_font_size_last_edited=&#8220;on|desktop&#8220; subhead_font_size_tablet=&#8220;46px&#8220; subhead_font_size_phone=&#8220;34px&#8220; subhead_font_size_last_edited=&#8220;on|desktop&#8220; background_last_edited=&#8220;on|desktop&#8220; background_enable_image_tablet=&#8220;off&#8220; background_enable_image_phone=&#8220;off&#8220; subhead_text_shadow_style=&#8220;preset4&#8243; subhead_text_shadow_vertical_length=&#8220;0.05em&#8220; subhead_text_shadow_color=&#8220;rgba(255,255,255,0.88)&#8220; button_one_text_color_hover=&#8220;#ffffff&#8220; button_one_border_color_hover=&#8220;#ecd5c5&#8243; button_one_border_radius_hover=&#8220;0px&#8220; button_one_letter_spacing_hover=&#8220;4px&#8220; button_one_bg_color_hover=&#8220;#ecd5c5&#8243; global_colors_info=&#8220;{}&#8220; button_one_text_size__hover_enabled=&#8220;off&#8220; button_two_text_size__hover_enabled=&#8220;off&#8220; button_one_text_color__hover_enabled=&#8220;on&#8220; button_one_text_color__hover=&#8220;#ffffff&#8220; button_two_text_color__hover_enabled=&#8220;off&#8220; button_one_border_width__hover_enabled=&#8220;off&#8220; button_two_border_width__hover_enabled=&#8220;off&#8220; button_one_border_color__hover_enabled=&#8220;on&#8220; button_one_border_color__hover=&#8220;#ecd5c5&#8243; button_two_border_color__hover_enabled=&#8220;off&#8220; button_one_border_radius__hover_enabled=&#8220;on&#8220; button_one_border_radius__hover=&#8220;0px&#8220; button_two_border_radius__hover_enabled=&#8220;off&#8220; button_one_letter_spacing__hover_enabled=&#8220;on&#8220; button_one_letter_spacing__hover=&#8220;4px&#8220; button_two_letter_spacing__hover_enabled=&#8220;off&#8220; button_one_bg_color__hover_enabled=&#8220;on&#8220; button_one_bg_color__hover=&#8220;#ecd5c5&#8243; button_two_bg_color__hover_enabled=&#8220;off&#8220;][\/et_pb_fullwidth_header][\/et_pb_section][et_pb_section fb_built=&#8220;1&#8243; admin_label=&#8220;About Us&#8220; module_id=&#8220;2&#8243; _builder_version=&#8220;4.23.1&#8243; background_color=&#8220;#f4f4f4&#8243; custom_padding=&#8220;40px|0px|40px|0px|false|false&#8220; global_colors_info=&#8220;{}&#8220;][et_pb_row _builder_version=&#8220;4.18.0&#8243; global_colors_info=&#8220;{}&#8220;][et_pb_column type=&#8220;4_4&#8243; _builder_version=&#8220;4.16&#8243; custom_padding=&#8220;|||&#8220; global_colors_info=&#8220;{}&#8220; custom_padding__hover=&#8220;|||&#8220;][et_pb_text _builder_version=&#8220;4.27.4&#8243; text_font=&#8220;Cormorant||||||||&#8220; text_text_color=&#8220;#000000&#8243; text_font_size=&#8220;19px&#8220; link_font=&#8220;||||||||&#8220; ul_font=&#8220;||||||||&#8220; header_font=&#8220;||||||||&#8220; header_2_font=&#8220;||||||||&#8220; header_3_font=&#8220;Playlist||||||||&#8220; header_3_text_color=&#8220;#d9b45e&#8220; header_3_font_size=&#8220;69px&#8220; header_3_line_height=&#8220;1.5em&#8220; header_4_font=&#8220;||||||||&#8220; header_5_font=&#8220;Poppins||||||||&#8220; header_5_text_color=&#8220;#000000&#8243; header_5_letter_spacing=&#8220;7px&#8220; header_5_line_height=&#8220;1.8em&#8220; max_width=&#8220;71%&#8220; max_width_tablet=&#8220;100%&#8220; max_width_phone=&#8220;100%&#8220; max_width_last_edited=&#8220;on|desktop&#8220; module_alignment=&#8220;center&#8220; custom_margin=&#8220;|||&#8220; custom_padding=&#8220;|||&#8220; header_3_font_size_tablet=&#8220;54px&#8220; header_3_font_size_phone=&#8220;54px&#8220; header_3_font_size_last_edited=&#8220;on|tablet&#8220; header_3_text_shadow_style=&#8220;preset4&#8243; header_3_text_shadow_vertical_length=&#8220;0.05em&#8220; global_colors_info=&#8220;{}&#8220;]<\/p>\n<h3 style=\"text-align: center;\">F\u00fcr Frauen, die bereit sind, ihr Wirken in F\u00fchrung zu bringen.<\/h3>\n<h5 style=\"text-align: center;\">Die Kraft des weiblichen Shivas, ist die Kraft in uns Frauen, die uns unb\u00e4ndig uns sein l\u00e4sst.<\/h5>\n<p>Die Kraft, aus der wir uns selber verwirklichen.<\/p>\n<p>Die Kraft in uns Frauen, die unumstritten verbunden ist mit den g\u00f6ttlichen Gesetzen.<\/p>\n<p>Die Kraft die wei\u00df und steht!<\/p>\n<p>Die Kraft, die sich nicht verbiegt oder verbiegen l\u00e4sst.<\/p>\n<p>Die Kraft, die umsetzt, weil sie die eigenen g\u00f6ttlichen Gesetze kennt.<\/p>\n<p>Die Kraft, wo wir uns manchmal bei anderen Frauen fragen: Wo nimmt sie diese Kraft blo\u00df her.<\/p>\n<p>Die Kraft, wo du dich im Nachhinein gefragt hast, wo habe ich blo\u00df damals diese Kraft und Ausdauer her genommen.<\/p>\n<p>Die Kraft des weiblichen Shivas, ist die Erf\u00fcllung des Feuers in dir, das aus purer Freude an Lebendigkeit spr\u00fcht.<\/p>\n<p>[\/et_pb_text][\/et_pb_column][\/et_pb_row][\/et_pb_section][et_pb_section fb_built=&#8220;1&#8243; admin_label=&#8220;About Us&#8220; _builder_version=&#8220;4.23.1&#8243; background_color=&#8220;#f4f4f4&#8243; use_background_color_gradient=&#8220;on&#8220; background_color_gradient_stops=&#8220;#ffffff 0%|#ffffff 100%&#8220; background_color_gradient_start=&#8220;#ffffff&#8220; background_color_gradient_end=&#8220;#ffffff&#8220; background_image=&#8220;https:\/\/olakopplinger.com\/wp-content\/uploads\/2023\/12\/weiblicher-shiva-2.jpg&#8220; parallax=&#8220;on&#8220; parallax_method=&#8220;off&#8220; height=&#8220;518px&#8220; custom_padding=&#8220;124px|0px|124px|0px|true|false&#8220; global_colors_info=&#8220;{}&#8220;][et_pb_row column_structure=&#8220;1_2,1_2&#8243; _builder_version=&#8220;4.16&#8243; global_colors_info=&#8220;{}&#8220;][et_pb_column type=&#8220;1_2&#8243; _builder_version=&#8220;4.16&#8243; custom_padding=&#8220;|||&#8220; global_colors_info=&#8220;{}&#8220; custom_padding__hover=&#8220;|||&#8220;][\/et_pb_column][et_pb_column type=&#8220;1_2&#8243; _builder_version=&#8220;4.16&#8243; custom_padding=&#8220;|||&#8220; global_colors_info=&#8220;{}&#8220; custom_padding__hover=&#8220;|||&#8220;][\/et_pb_column][\/et_pb_row][et_pb_row column_structure=&#8220;1_2,1_2&#8243; _builder_version=&#8220;4.16&#8243; global_colors_info=&#8220;{}&#8220;][et_pb_column type=&#8220;1_2&#8243; _builder_version=&#8220;4.16&#8243; custom_padding=&#8220;|||&#8220; global_colors_info=&#8220;{}&#8220; custom_padding__hover=&#8220;|||&#8220;][\/et_pb_column][et_pb_column type=&#8220;1_2&#8243; _builder_version=&#8220;4.16&#8243; custom_padding=&#8220;|||&#8220; global_colors_info=&#8220;{}&#8220; custom_padding__hover=&#8220;|||&#8220;][\/et_pb_column][\/et_pb_row][\/et_pb_section][et_pb_section fb_built=&#8220;1&#8243; _builder_version=&#8220;4.23.1&#8243; background_color=&#8220;rgba(229,229,229,0.69)&#8220; parallax=&#8220;on&#8220; custom_padding=&#8220;80px|0px|50px|0px|false|false&#8220; global_colors_info=&#8220;{}&#8220;][et_pb_row column_structure=&#8220;1_2,1_2&#8243; _builder_version=&#8220;4.18.0&#8243; global_colors_info=&#8220;{}&#8220;][et_pb_column type=&#8220;1_2&#8243; _builder_version=&#8220;4.16&#8243; custom_padding=&#8220;|||&#8220; global_colors_info=&#8220;{}&#8220; custom_padding__hover=&#8220;|||&#8220;][et_pb_text _builder_version=&#8220;4.27.4&#8243; text_font=&#8220;Cormorant||||||||&#8220; text_text_color=&#8220;#000000&#8243; text_font_size=&#8220;19px&#8220; link_font=&#8220;||||||||&#8220; ul_font=&#8220;||||||||&#8220; header_font=&#8220;||||||||&#8220; header_2_font=&#8220;||||||||&#8220; header_3_font=&#8220;Playlist||||||||&#8220; header_3_font_size=&#8220;81px&#8220; header_3_line_height=&#8220;1.5em&#8220; header_4_font=&#8220;||||||||&#8220; header_5_font=&#8220;Poppins||||||||&#8220; header_5_text_color=&#8220;#000000&#8243; header_5_letter_spacing=&#8220;7px&#8220; header_5_line_height=&#8220;1.8em&#8220; max_width=&#8220;100%&#8220; max_width_tablet=&#8220;100%&#8220; max_width_phone=&#8220;100%&#8220; max_width_last_edited=&#8220;on|desktop&#8220; module_alignment=&#8220;center&#8220; custom_margin=&#8220;|||&#8220; custom_padding=&#8220;||7px|||&#8220; global_colors_info=&#8220;{}&#8220;]<\/p>\n<h5>Du sp\u00fcrst es l\u00e4ngst:<\/h5>\n<p>Die Zeit des inneren Vorbereitens ist vorbei.\u2028Jetzt ist der Moment, in dem dein Wirken nach au\u00dfen treten m\u00f6chte.\u2028Klar, kraftvoll, verk\u00f6rpert.\u2028In deinem ureigenen Stil. In deiner Tiefe. In deiner F\u00fchrung.<\/p>\n<h5>Der weibliche Shiva ruft dich.<\/h5>\n<p>Seit Jahren begleitet die Kraft des weiblichen Shivas diesen Weg.\u2028Und nun ist klar:\u2028Es braucht mehr. Mehr Raum. Mehr Wirkung. Mehr F\u00fchrung.<\/p>\n<p>Deshalb wird aus dem bekannten Weg ein neuer Raum:\u2028\ud83d\udc49 <strong>\u201eIn der Kraft des weiblichen Shivas f\u00fchren und wirken\u201c<\/strong><\/p>\n<p>Ein 10-monatiger Schulungsweg f\u00fcr Frauen,\u2028die gekommen sind, um <strong>zu f\u00fchren, zu wirken und sichtbar zu sein<\/strong>.\u2028<\/p>\n<p>&nbsp;<\/p>\n<p>[\/et_pb_text][\/et_pb_column][et_pb_column type=&#8220;1_2&#8243; _builder_version=&#8220;4.16&#8243; custom_padding=&#8220;|||&#8220; global_colors_info=&#8220;{}&#8220; custom_padding__hover=&#8220;|||&#8220;][et_pb_image src=&#8220;https:\/\/olakopplinger.com\/wp-content\/uploads\/2023\/12\/perle.jpg&#8220; title_text=&#8220;perle&#8220; align=&#8220;center&#8220; _builder_version=&#8220;4.23.1&#8243; _module_preset=&#8220;default&#8220; module_alignment=&#8220;center&#8220; global_colors_info=&#8220;{}&#8220;][\/et_pb_image][\/et_pb_column][\/et_pb_row][\/et_pb_section][et_pb_section fb_built=&#8220;1&#8243; admin_label=&#8220;About Us&#8220; _builder_version=&#8220;4.23.1&#8243; background_color=&#8220;#f4f4f4&#8243; use_background_color_gradient=&#8220;on&#8220; background_color_gradient_stops=&#8220;#ffffff 0%|#ffffff 100%&#8220; background_color_gradient_start=&#8220;#ffffff&#8220; background_color_gradient_end=&#8220;#ffffff&#8220; background_image=&#8220;https:\/\/olakopplinger.com\/wp-content\/uploads\/2023\/12\/weiblicher-shiva-bild.jpg&#8220; parallax=&#8220;on&#8220; parallax_method=&#8220;off&#8220; height=&#8220;557px&#8220; height_tablet=&#8220;557px&#8220; height_phone=&#8220;auto&#8220; height_last_edited=&#8220;on|tablet&#8220; custom_padding=&#8220;70px|0px|70px|0px|true|false&#8220; global_colors_info=&#8220;{}&#8220;][et_pb_row _builder_version=&#8220;4.16&#8243; global_colors_info=&#8220;{}&#8220;][et_pb_column type=&#8220;4_4&#8243; _builder_version=&#8220;4.16&#8243; custom_padding=&#8220;|||&#8220; global_colors_info=&#8220;{}&#8220; custom_padding__hover=&#8220;|||&#8220;][et_pb_text _builder_version=&#8220;4.27.4&#8243; header_font=&#8220;Playlist||||||||&#8220; header_2_font=&#8220;Playlist||||||||&#8220; header_2_text_align=&#8220;center&#8220; header_2_text_color=&#8220;#FFFFFF&#8220; header_2_font_size=&#8220;73px&#8220; header_2_line_height=&#8220;1.3em&#8220; header_5_text_color=&#8220;#FFFFFF&#8220; custom_padding=&#8220;9%||||false|false&#8220; global_colors_info=&#8220;{}&#8220;]<\/p>\n<h2>Wenn weiblich tiefe Liebe auf Klarheit trifft, entsteht F\u00fchrung in der Kraft des Shivas.<\/h2>\n<p>[\/et_pb_text][\/et_pb_column][\/et_pb_row][\/et_pb_section][et_pb_section fb_built=&#8220;1&#8243; _builder_version=&#8220;4.16&#8243; global_colors_info=&#8220;{}&#8220;][et_pb_row column_structure=&#8220;1_2,1_2&#8243; _builder_version=&#8220;4.27.4&#8243; global_colors_info=&#8220;{}&#8220;][et_pb_column type=&#8220;1_2&#8243; _builder_version=&#8220;4.16&#8243; custom_padding=&#8220;|||&#8220; global_colors_info=&#8220;{}&#8220; custom_padding__hover=&#8220;|||&#8220;][et_pb_image src=&#8220;https:\/\/olakopplinger.com\/wp-content\/uploads\/2025\/05\/shiva-neu.jpg&#8220; title_text=&#8220;shiva-neu&#8220; align=&#8220;center&#8220; align_tablet=&#8220;center&#8220; align_phone=&#8220;&#8220; align_last_edited=&#8220;on|desktop&#8220; _builder_version=&#8220;4.27.4&#8243; width=&#8220;100%&#8220; module_alignment=&#8220;center&#8220; custom_padding=&#8220;0.5%|||||&#8220; global_colors_info=&#8220;{}&#8220;]<br \/>\n[\/et_pb_image][\/et_pb_column][et_pb_column type=&#8220;1_2&#8243; _builder_version=&#8220;4.16&#8243; custom_padding=&#8220;|||&#8220; global_colors_info=&#8220;{}&#8220; custom_padding__hover=&#8220;|||&#8220;][et_pb_text _builder_version=&#8220;4.27.4&#8243; text_font=&#8220;Cormorant||||||||&#8220; text_text_color=&#8220;#000000&#8243; text_font_size=&#8220;19px&#8220; link_font=&#8220;||||||||&#8220; ul_font=&#8220;||||||||&#8220; header_font=&#8220;||||||||&#8220; header_2_font=&#8220;||||||||&#8220; header_3_font=&#8220;Playlist||||||||&#8220; header_3_font_size=&#8220;57px&#8220; header_3_line_height=&#8220;1.5em&#8220; header_4_font=&#8220;||||||||&#8220; header_5_font=&#8220;Poppins||||||||&#8220; header_5_text_color=&#8220;#000000&#8243; header_5_letter_spacing=&#8220;7px&#8220; header_5_line_height=&#8220;1.8em&#8220; max_width_tablet=&#8220;100%&#8220; max_width_phone=&#8220;100%&#8220; max_width_last_edited=&#8220;on|desktop&#8220; module_alignment=&#8220;center&#8220; custom_margin=&#8220;|||&#8220; custom_padding=&#8220;|||&#8220; global_colors_info=&#8220;{}&#8220;]<\/p>\n<h4>F\u00fcr wen ist dieser Weg?<\/h4>\n<p>F\u00fcr dich, wenn du:<\/p>\n<ul>\n<li>deine Gaben, dein Wissen und deine Essenz in die Welt bringen m\u00f6chtest.<\/li>\n<li>bereit bist, F\u00fchrung nicht nur zu f\u00fchlen, sondern zu leben,<\/li>\n<li>Menschen begleiten willst \u2013 und dich selbst in dieser Tiefe erkennen willst<\/li>\n<li>das was du dir in Seminaren und Ausbildungen von dir erschlossen hast ins Wirken bringen m\u00f6chtest.<\/li>\n<li>genug davon hast, dich zur\u00fcckzuhalten, dich nicht zu zeigen und deine Gaben nicht in Ausdruck zu bringen<\/li>\n<li>nach Klarheit und Struktur suchst, wie du wirken kannst,<\/li>\n<li>dir w\u00fcnschst, gef\u00fchrt zu werden \u2013 in deine eigene F\u00fchrungsenergie.<\/li>\n<\/ul>\n<p>[\/et_pb_text][\/et_pb_column][\/et_pb_row][et_pb_row column_structure=&#8220;1_2,1_2&#8243; _builder_version=&#8220;4.23.1&#8243; global_colors_info=&#8220;{}&#8220;][et_pb_column type=&#8220;1_2&#8243; _builder_version=&#8220;4.16&#8243; custom_padding=&#8220;|||&#8220; global_colors_info=&#8220;{}&#8220; custom_padding__hover=&#8220;|||&#8220;][et_pb_text _builder_version=&#8220;4.27.4&#8243; text_font=&#8220;Cormorant||||||||&#8220; text_text_color=&#8220;#000000&#8243; text_font_size=&#8220;19px&#8220; link_font=&#8220;||||||||&#8220; ul_font=&#8220;||||||||&#8220; header_font=&#8220;||||||||&#8220; header_2_font=&#8220;||||||||&#8220; header_3_font=&#8220;Playlist||||||||&#8220; header_3_font_size=&#8220;57px&#8220; header_3_line_height=&#8220;1.5em&#8220; header_4_font=&#8220;||||||||&#8220; header_5_font=&#8220;Poppins||||||||&#8220; header_5_text_color=&#8220;#000000&#8243; header_5_letter_spacing=&#8220;7px&#8220; header_5_line_height=&#8220;1.8em&#8220; max_width_tablet=&#8220;100%&#8220; max_width_phone=&#8220;100%&#8220; max_width_last_edited=&#8220;on|desktop&#8220; module_alignment=&#8220;center&#8220; custom_margin=&#8220;|||&#8220; custom_padding=&#8220;||||false|false&#8220; global_colors_info=&#8220;{}&#8220;]<\/p>\n<h4>Was dich erwartet:<\/h4>\n<p>\ud83c\udf3a <strong>10 Monate tiefer Schulung und echter Begleitung\u2028<\/strong><br \/>\ud83c\udf3a <strong>1 Live-Session pro Monat<\/strong> \u2013 transformierend, klar, n\u00e4hrend\u2028<br \/>\ud83c\udf3a <strong>2 Live Q&amp;A pro Monat<\/strong> \u2013 f\u00fcr deine Fragen, Prozesse &amp; Umsetzung\u2028<br \/>\ud83c\udf3a <strong>Verbindung &amp; Austausch<\/strong> in einer gesch\u00fctzten Online-Gruppe\u2028<br \/>\ud83c\udf3a Raum f\u00fcr dein Wirken \u2013 auf deine Weise\u2028<br \/>\ud83c\udf3a Rituale, Ausrichtung, Struktur \u2013 im Einklang mit deiner Intuition<\/p>\n<h4>Deine Transformation:<\/h4>\n<p>\u2728 Du findest deinen klaren Ausdruck.\u2028<br \/>\u2728 Du sp\u00fcrst deine innere Autorit\u00e4t.\u2028<br \/>\u2728 Du erlaubst dir, sichtbar zu sein \u2013 als die, die du bist.\u2028<br \/>\u2728 Du bringst dein Wirken auf die Erde.\u2028<br \/>\u2728 Du gibst F\u00fchrung \u2013 aus Freude, aus Tiefe, aus Wahrheit &#8211; aus dir.<\/p>\n<h4>Start: 19. September 2026<\/h4>\n<p><strong>\ud83d\udc8e Deine Investition:\u2028<\/strong> \u20ac 8.000.\u2014 (inkl. MwSt)\u2028<\/p>\n<p>\ud83d\udcab Fr\u00fchbucherinnen bis 20. August 2026:\u00a0 \u20ac 7.200.\u2014\u2028(inkl. MwSt.)<\/p>\n<h4>Bist du bereit?<\/h4>\n<p>\ud83d\udc49 Dann buche direkt dein Kennenlern-Gespr\u00e4ch.<br \/><strong>Dieser Weg ist f\u00fcr dich \u2013 wenn du f\u00fchlst:<\/strong> <strong>Jetzt ist meine Zeit.\u2028\u2028<\/strong><\/p>\n<p>[\/et_pb_text][et_pb_button button_url=&#8220;https:\/\/olakopplinger.com\/kontakt\/&#8220; url_new_window=&#8220;on&#8220; button_text=&#8220;Kontakt&#8220; button_alignment=&#8220;center&#8220; _builder_version=&#8220;4.18.0&#8243; _module_preset=&#8220;default&#8220; custom_button=&#8220;on&#8220; button_bg_color=&#8220;#d9b45e&#8220; button_border_width=&#8220;0px&#8220; button_border_radius=&#8220;0px&#8220; button_font=&#8220;Cormorant||||||||&#8220; background_layout=&#8220;dark&#8220; global_colors_info=&#8220;{}&#8220;][\/et_pb_button][\/et_pb_column][et_pb_column type=&#8220;1_2&#8243; _builder_version=&#8220;4.16&#8243; custom_padding=&#8220;|||&#8220; global_colors_info=&#8220;{}&#8220; custom_padding__hover=&#8220;|||&#8220;][et_pb_image src=&#8220;https:\/\/olakopplinger.com\/wp-content\/uploads\/2025\/05\/weiblicher-shive-ola.jpg&#8220; title_text=&#8220;weiblicher-shive-ola&#8220; _builder_version=&#8220;4.27.4&#8243; module_alignment=&#8220;center&#8220; global_colors_info=&#8220;{}&#8220;][\/et_pb_image][\/et_pb_column][\/et_pb_row][\/et_pb_section]<\/p>\n","protected":false},"excerpt":{"rendered":"<p>F\u00fcr Frauen, die bereit sind, ihr Wirken in F\u00fchrung zu bringen. Die Kraft des weiblichen Shivas, ist die Kraft in uns Frauen, die uns unb\u00e4ndig uns sein l\u00e4sst.<\/p>\n","protected":false},"author":1,"featured_media":0,"parent":0,"menu_order":0,"comment_status":"closed","ping_status":"closed","template":"","meta":{"_et_pb_use_builder":"on","_et_pb_old_content":"","_et_gb_content_width":"","footnotes":""},"class_list":["post-4127","page","type-page","status-publish","hentry"],"_links":{"self":[{"href":"https:\/\/olakopplinger.com\/de\/wp-json\/wp\/v2\/pages\/4127","targetHints":{"allow":["GET"]}}],"collection":[{"href":"https:\/\/olakopplinger.com\/de\/wp-json\/wp\/v2\/pages"}],"about":[{"href":"https:\/\/olakopplinger.com\/de\/wp-json\/wp\/v2\/types\/page"}],"author":[{"embeddable":true,"href":"https:\/\/olakopplinger.com\/de\/wp-json\/wp\/v2\/users\/1"}],"replies":[{"embeddable":true,"href":"https:\/\/olakopplinger.com\/de\/wp-json\/wp\/v2\/comments?post=4127"}],"version-history":[{"count":11,"href":"https:\/\/olakopplinger.com\/de\/wp-json\/wp\/v2\/pages\/4127\/revisions"}],"predecessor-version":[{"id":5262,"href":"https:\/\/olakopplinger.com\/de\/wp-json\/wp\/v2\/pages\/4127\/revisions\/5262"}],"wp:attachment":[{"href":"https:\/\/olakopplinger.com\/de\/wp-json\/wp\/v2\/media?parent=4127"}],"curies":[{"name":"wp","href":"https:\/\/api.w.org\/{rel}","templated":true}]}}