{"id":4054,"date":"2023-11-30T14:46:46","date_gmt":"2023-11-30T13:46:46","guid":{"rendered":"https:\/\/olakopplinger.com\/?page_id=4054"},"modified":"2025-11-06T11:39:26","modified_gmt":"2025-11-06T10:39:26","slug":"weg-ins-licht","status":"publish","type":"page","link":"https:\/\/olakopplinger.com\/de\/weg-ins-licht\/","title":{"rendered":"Der Weg ins Licht"},"content":{"rendered":"<p>[et_pb_section fb_built=&#8220;1&#8243; fullwidth=&#8220;on&#8220; admin_label=&#8220;Header&#8220; _builder_version=&#8220;4.23.1&#8243; background_image=&#8220;https:\/\/olakopplinger.com\/wp-content\/uploads\/2023\/12\/der-weg-ins-licht.jpg&#8220; custom_margin=&#8220;0px||0px||false|false&#8220; custom_margin_tablet=&#8220;0px||0px||false|false&#8220; custom_margin_phone=&#8220;0px||0px||false|false&#8220; custom_margin_last_edited=&#8220;on|tablet&#8220; custom_padding=&#8220;0px|0|0px|0px|false|false&#8220; top_divider_color=&#8220;rgba(255,255,255,0.3)&#8220; top_divider_height=&#8220;202%&#8220; top_divider_repeat=&#8220;0.7x&#8220; bottom_divider_color=&#8220;rgba(255,255,255,0.16)&#8220; bottom_divider_height=&#8220;145%&#8220; background_last_edited=&#8220;on|phone&#8220; background_enable_color_phone=&#8220;off&#8220; background_image_tablet=&#8220;https:\/\/olakopplinger.com\/wp-content\/uploads\/2023\/12\/der-weg-ins-licht.jpg&#8220; background_enable_image_tablet=&#8220;on&#8220; background_enable_image_phone=&#8220;off&#8220; background_size_phone=&#8220;contain&#8220; locked=&#8220;off&#8220; global_colors_info=&#8220;{}&#8220;][et_pb_fullwidth_header title=&#8220;      &#8220; subhead=&#8220;Der Weg ins Licht&#8220; button_one_url=&#8220;#1&#8243; background_overlay_color=&#8220;RGBA(255,255,255,0)&#8220; content_max_width=&#8220;650px&#8220; content_max_width_tablet=&#8220;100%&#8220; content_max_width_phone=&#8220;&#8220; content_max_width_last_edited=&#8220;on|desktop&#8220; _builder_version=&#8220;4.27.4&#8243; title_level=&#8220;h4&#8243; title_font=&#8220;|300|||||||&#8220; title_text_color=&#8220;#d60e0e&#8220; title_font_size=&#8220;28px&#8220; content_font=&#8220;|700|||||||&#8220; content_font_size=&#8220;23px&#8220; subhead_font=&#8220;Playlist||||||||&#8220; subhead_text_align=&#8220;left&#8220; subhead_text_color=&#8220;#800000&#8243; subhead_font_size=&#8220;77px&#8220; subhead_line_height=&#8220;1.4em&#8220; background_color=&#8220;RGBA(255,255,255,0)&#8220; background_enable_image=&#8220;off&#8220; custom_button_one=&#8220;on&#8220; button_one_text_size=&#8220;14px&#8220; button_one_text_color=&#8220;#ffffff&#8220; button_one_bg_color=&#8220;#c4beb9&#8243; button_one_border_width=&#8220;14px&#8220; button_one_border_color=&#8220;#c4beb9&#8243; button_one_border_radius=&#8220;0px&#8220; button_one_letter_spacing=&#8220;4px&#8220; button_one_font=&#8220;Poppins|500||on|||||&#8220; background_layout=&#8220;light&#8220; min_height=&#8220;382.1px&#8220; min_height_tablet=&#8220;382.1px&#8220; min_height_phone=&#8220;300px&#8220; min_height_last_edited=&#8220;on|phone&#8220; custom_margin=&#8220;0px||0px||false|false&#8220; custom_padding=&#8220;285px||108px||false|false&#8220; custom_padding_tablet=&#8220;200px||||false|false&#8220; custom_padding_phone=&#8220;115px||0px||false|false&#8220; custom_padding_last_edited=&#8220;on|tablet&#8220; animation_style=&#8220;slide&#8220; animation_direction=&#8220;bottom&#8220; animation_duration=&#8220;1300ms&#8220; animation_intensity_slide=&#8220;9%&#8220; hover_enabled=&#8220;0&#8243; title_font_tablet=&#8220;|300|||||||&#8220; title_font_phone=&#8220;|300|||||||&#8220; title_font_last_edited=&#8220;on|tablet&#8220; content_font_size_tablet=&#8220;23px&#8220; content_font_size_phone=&#8220;23px&#8220; content_font_size_last_edited=&#8220;on|desktop&#8220; subhead_font_size_tablet=&#8220;46px&#8220; subhead_font_size_phone=&#8220;34px&#8220; subhead_font_size_last_edited=&#8220;on|desktop&#8220; background_last_edited=&#8220;on|phone&#8220; background_image_phone=&#8220;https:\/\/olakopplinger.com\/wp-content\/uploads\/2023\/12\/der-weg-ins-licht.jpg&#8220; background_enable_image_tablet=&#8220;off&#8220; background_enable_image_phone=&#8220;on&#8220; subhead_text_shadow_style=&#8220;preset4&#8243; subhead_text_shadow_vertical_length=&#8220;0.05em&#8220; button_one_text_color_hover=&#8220;#ffffff&#8220; button_one_border_color_hover=&#8220;#ecd5c5&#8243; button_one_border_radius_hover=&#8220;0px&#8220; button_one_letter_spacing_hover=&#8220;4px&#8220; button_one_bg_color_hover=&#8220;#ecd5c5&#8243; global_colors_info=&#8220;{}&#8220; button_one_text_size__hover_enabled=&#8220;off&#8220; button_two_text_size__hover_enabled=&#8220;off&#8220; button_one_text_color__hover_enabled=&#8220;on&#8220; button_one_text_color__hover=&#8220;#ffffff&#8220; button_two_text_color__hover_enabled=&#8220;off&#8220; button_one_border_width__hover_enabled=&#8220;off&#8220; button_two_border_width__hover_enabled=&#8220;off&#8220; button_one_border_color__hover_enabled=&#8220;on&#8220; button_one_border_color__hover=&#8220;#ecd5c5&#8243; button_two_border_color__hover_enabled=&#8220;off&#8220; button_one_border_radius__hover_enabled=&#8220;on&#8220; button_one_border_radius__hover=&#8220;0px&#8220; button_two_border_radius__hover_enabled=&#8220;off&#8220; button_one_letter_spacing__hover_enabled=&#8220;on&#8220; button_one_letter_spacing__hover=&#8220;4px&#8220; button_two_letter_spacing__hover_enabled=&#8220;off&#8220; button_one_bg_color__hover_enabled=&#8220;on&#8220; button_one_bg_color__hover=&#8220;#ecd5c5&#8243; button_two_bg_color__hover_enabled=&#8220;off&#8220; sticky_enabled=&#8220;0&#8243;][\/et_pb_fullwidth_header][\/et_pb_section][et_pb_section fb_built=&#8220;1&#8243; admin_label=&#8220;About Us&#8220; module_id=&#8220;2&#8243; _builder_version=&#8220;4.16&#8243; background_color=&#8220;#f4f4f4&#8243; custom_padding=&#8220;37px|0px|37px|0px|true|false&#8220; global_colors_info=&#8220;{}&#8220;][et_pb_row _builder_version=&#8220;4.23.1&#8243; _module_preset=&#8220;default&#8220; custom_margin=&#8220;-250px||||false|false&#8220; custom_margin_tablet=&#8220;-200px||||false|false&#8220; custom_margin_phone=&#8220;-140px||||false|false&#8220; custom_margin_last_edited=&#8220;on|phone&#8220; global_colors_info=&#8220;{}&#8220;][et_pb_column type=&#8220;4_4&#8243; _builder_version=&#8220;4.23.1&#8243; _module_preset=&#8220;default&#8220; global_colors_info=&#8220;{}&#8220;][et_pb_image src=&#8220;https:\/\/olakopplinger.com\/wp-content\/uploads\/2023\/12\/PiL-rund.png&#8220; title_text=&#8220;PiL-rund&#8220; align=&#8220;right&#8220; _builder_version=&#8220;4.23.1&#8243; _module_preset=&#8220;default&#8220; width=&#8220;15%&#8220; max_width=&#8220;19%&#8220; module_alignment=&#8220;right&#8220; custom_margin_tablet=&#8220;&#8220; custom_margin_phone=&#8220;&#8220; custom_margin_last_edited=&#8220;on|tablet&#8220; global_colors_info=&#8220;{}&#8220;][\/et_pb_image][\/et_pb_column][\/et_pb_row][\/et_pb_section][et_pb_section fb_built=&#8220;1&#8243; admin_label=&#8220;About Us&#8220; module_id=&#8220;2&#8243; _builder_version=&#8220;4.23.1&#8243; background_color=&#8220;#f4f4f4&#8243; custom_padding=&#8220;0px|0px|40px|0px|false|false&#8220; global_colors_info=&#8220;{}&#8220;][et_pb_row _builder_version=&#8220;4.18.0&#8243; global_colors_info=&#8220;{}&#8220;][et_pb_column type=&#8220;4_4&#8243; _builder_version=&#8220;4.16&#8243; custom_padding=&#8220;|||&#8220; global_colors_info=&#8220;{}&#8220; custom_padding__hover=&#8220;|||&#8220;][et_pb_text _builder_version=&#8220;4.23.1&#8243; text_font=&#8220;Cormorant||||||||&#8220; text_text_color=&#8220;#000000&#8243; text_font_size=&#8220;19px&#8220; link_font=&#8220;||||||||&#8220; ul_font=&#8220;||||||||&#8220; header_font=&#8220;||||||||&#8220; header_2_font=&#8220;||||||||&#8220; header_3_font=&#8220;Playlist||||||||&#8220; header_3_text_color=&#8220;#d9b45e&#8220; header_3_font_size=&#8220;81px&#8220; header_3_line_height=&#8220;1.5em&#8220; header_4_font=&#8220;||||||||&#8220; header_5_font=&#8220;Poppins||||||||&#8220; header_5_text_color=&#8220;#000000&#8243; header_5_letter_spacing=&#8220;7px&#8220; header_5_line_height=&#8220;1.8em&#8220; max_width=&#8220;71%&#8220; max_width_tablet=&#8220;100%&#8220; max_width_phone=&#8220;100%&#8220; max_width_last_edited=&#8220;on|desktop&#8220; module_alignment=&#8220;center&#8220; custom_margin=&#8220;|||&#8220; custom_padding=&#8220;|||&#8220; header_3_font_size_tablet=&#8220;54px&#8220; header_3_font_size_phone=&#8220;54px&#8220; header_3_font_size_last_edited=&#8220;on|tablet&#8220; header_3_text_shadow_style=&#8220;preset4&#8243; header_3_text_shadow_vertical_length=&#8220;0.05em&#8220; global_colors_info=&#8220;{}&#8220;]<\/p>\n<h3 style=\"text-align: center;\">Wenn die Sonne aufgeht, wird deine Suche ein Ende haben.<\/h3>\n<h5 style=\"text-align: center;\">Der Weg ins Licht,<br \/>ist der Sonnenaufgang deiner Seele in dir.<\/h5>\n<h5 style=\"text-align: center;\">Die Antwort auf deinen Ruf nach Dir!<\/h5>\n<p>[\/et_pb_text][\/et_pb_column][\/et_pb_row][\/et_pb_section][et_pb_section fb_built=&#8220;1&#8243; admin_label=&#8220;About Us&#8220; _builder_version=&#8220;4.23.1&#8243; background_color=&#8220;#f4f4f4&#8243; use_background_color_gradient=&#8220;on&#8220; background_color_gradient_stops=&#8220;#ffffff 0%|#ffffff 100%&#8220; background_color_gradient_start=&#8220;#ffffff&#8220; background_color_gradient_end=&#8220;#ffffff&#8220; background_image=&#8220;https:\/\/olakopplinger.com\/wp-content\/uploads\/2023\/11\/Schiebebild-Babaji-Spruch-k.jpg&#8220; parallax=&#8220;on&#8220; parallax_method=&#8220;off&#8220; custom_padding=&#8220;124px|0px|124px|0px|true|false&#8220; global_colors_info=&#8220;{}&#8220;][et_pb_row _builder_version=&#8220;4.23.1&#8243; background_enable_color=&#8220;off&#8220; module_alignment=&#8220;center&#8220; global_colors_info=&#8220;{}&#8220;][et_pb_column type=&#8220;4_4&#8243; _builder_version=&#8220;4.16&#8243; custom_padding=&#8220;|||&#8220; global_colors_info=&#8220;{}&#8220; custom_padding__hover=&#8220;|||&#8220;][et_pb_text _builder_version=&#8220;4.23.1&#8243; header_font=&#8220;||||||||&#8220; header_text_color=&#8220;#ffffff&#8220; header_2_font=&#8220;Playlist||||||||&#8220; header_2_text_align=&#8220;center&#8220; header_2_text_color=&#8220;#ffffff&#8220; header_2_font_size=&#8220;56px&#8220; header_5_font=&#8220;||||||||&#8220; header_5_text_align=&#8220;center&#8220; header_5_text_color=&#8220;#800000&#8243; header_5_font_size=&#8220;24px&#8220; header_5_letter_spacing=&#8220;2px&#8220; header_5_line_height=&#8220;1.2em&#8220; background_color=&#8220;rgba(255,255,255,0.67)&#8220; width=&#8220;100%&#8220; custom_padding=&#8220;20px|20px|20px|20px|true|true&#8220; header_2_text_shadow_style=&#8220;preset3&#8243; box_shadow_style=&#8220;preset2&#8243; global_colors_info=&#8220;{}&#8220;]<\/p>\n<h5>Es gibt keinen Grund, nicht alles hinter Dir zu lassen,<br \/>was Dich bremst, was Dich hindert zu leben.<\/h5>\n<h5>Wenn Du es selbst nicht \u00fcberwinden kannst, werde ich die Br\u00fccke sein,<br \/>\u00fcber die Du gehst, um ein neues Land zu betreten.<\/h5>\n<h5>DEINE WELT.<\/h5>\n<h5><strong>\u223c<\/strong> Babaji\u00a0<strong>\u223c<\/strong><\/h5>\n<p>[\/et_pb_text][\/et_pb_column][\/et_pb_row][et_pb_row column_structure=&#8220;1_2,1_2&#8243; _builder_version=&#8220;4.16&#8243; global_colors_info=&#8220;{}&#8220;][et_pb_column type=&#8220;1_2&#8243; _builder_version=&#8220;4.16&#8243; custom_padding=&#8220;|||&#8220; global_colors_info=&#8220;{}&#8220; custom_padding__hover=&#8220;|||&#8220;][\/et_pb_column][et_pb_column type=&#8220;1_2&#8243; _builder_version=&#8220;4.16&#8243; custom_padding=&#8220;|||&#8220; global_colors_info=&#8220;{}&#8220; custom_padding__hover=&#8220;|||&#8220;][\/et_pb_column][\/et_pb_row][\/et_pb_section][et_pb_section fb_built=&#8220;1&#8243; _builder_version=&#8220;4.23.1&#8243; background_color=&#8220;rgba(229,229,229,0.69)&#8220; parallax=&#8220;on&#8220; custom_padding=&#8220;80px|0px|50px|0px|false|false&#8220; global_colors_info=&#8220;{}&#8220;][et_pb_row column_structure=&#8220;1_2,1_2&#8243; _builder_version=&#8220;4.18.0&#8243; global_colors_info=&#8220;{}&#8220;][et_pb_column type=&#8220;1_2&#8243; _builder_version=&#8220;4.16&#8243; custom_padding=&#8220;|||&#8220; global_colors_info=&#8220;{}&#8220; custom_padding__hover=&#8220;|||&#8220;][et_pb_text _builder_version=&#8220;4.23.1&#8243; text_font=&#8220;Cormorant||||||||&#8220; text_text_color=&#8220;#000000&#8243; text_font_size=&#8220;19px&#8220; link_font=&#8220;||||||||&#8220; ul_font=&#8220;||||||||&#8220; header_font=&#8220;||||||||&#8220; header_2_font=&#8220;||||||||&#8220; header_3_font=&#8220;Playlist||||||||&#8220; header_3_font_size=&#8220;81px&#8220; header_3_line_height=&#8220;1.5em&#8220; header_4_font=&#8220;||||||||&#8220; header_5_font=&#8220;Poppins||||||||&#8220; header_5_text_color=&#8220;#000000&#8243; header_5_letter_spacing=&#8220;7px&#8220; header_5_line_height=&#8220;1.8em&#8220; max_width=&#8220;100%&#8220; max_width_tablet=&#8220;100%&#8220; max_width_phone=&#8220;100%&#8220; max_width_last_edited=&#8220;on|desktop&#8220; module_alignment=&#8220;center&#8220; custom_margin=&#8220;|||&#8220; custom_padding=&#8220;||0px|||&#8220; global_colors_info=&#8220;{}&#8220;]<\/p>\n<h5>Du erh\u00e4ltst lang ersehnte Antworten auf deine Fragen.<\/h5>\n<p>&nbsp;<\/p>\n<ul>\n<li>Warum bin ich hier?<\/li>\n<li>Was ist meine Lebensaufgabe?\u2028<\/li>\n<li>Wo liegen meine Potenziale?<\/li>\n<li>Wie kann ich sie einsetzen?\u2028<\/li>\n<li>Wie kann ich endlich Unterst\u00fctzung leisten mit meinen F\u00e4higkeiten?\u2028<\/li>\n<li>Es muss doch noch mehr geben?<\/li>\n<\/ul>\n<p>[\/et_pb_text][\/et_pb_column][et_pb_column type=&#8220;1_2&#8243; _builder_version=&#8220;4.16&#8243; custom_padding=&#8220;|||&#8220; global_colors_info=&#8220;{}&#8220; custom_padding__hover=&#8220;|||&#8220;][et_pb_image src=&#8220;https:\/\/olakopplinger.com\/wp-content\/uploads\/2023\/11\/Malabild-q.jpg&#8220; title_text=&#8220;Malabild-q&#8220; _builder_version=&#8220;4.23.1&#8243; _module_preset=&#8220;default&#8220; width=&#8220;80%&#8220; module_alignment=&#8220;center&#8220; global_colors_info=&#8220;{}&#8220;][\/et_pb_image][\/et_pb_column][\/et_pb_row][\/et_pb_section][et_pb_section fb_built=&#8220;1&#8243; admin_label=&#8220;About Us&#8220; _builder_version=&#8220;4.23.1&#8243; background_color=&#8220;#f4f4f4&#8243; use_background_color_gradient=&#8220;on&#8220; background_color_gradient_stops=&#8220;#ffffff 0%|#ffffff 100%&#8220; background_color_gradient_start=&#8220;#ffffff&#8220; background_color_gradient_end=&#8220;#ffffff&#8220; background_image=&#8220;https:\/\/olakopplinger.com\/wp-content\/uploads\/2023\/11\/Schiebebild-Ola-Medi-k.jpg&#8220; parallax=&#8220;on&#8220; parallax_method=&#8220;off&#8220; height=&#8220;557px&#8220; height_tablet=&#8220;557px&#8220; height_phone=&#8220;auto&#8220; height_last_edited=&#8220;on|tablet&#8220; custom_padding=&#8220;70px|0px|70px|0px|true|false&#8220; global_colors_info=&#8220;{}&#8220;][et_pb_row _builder_version=&#8220;4.16&#8243; global_colors_info=&#8220;{}&#8220;][et_pb_column type=&#8220;4_4&#8243; _builder_version=&#8220;4.16&#8243; custom_padding=&#8220;|||&#8220; global_colors_info=&#8220;{}&#8220; custom_padding__hover=&#8220;|||&#8220;][et_pb_text _builder_version=&#8220;4.23.1&#8243; header_font=&#8220;Playlist||||||||&#8220; header_2_font=&#8220;Playlist||||||||&#8220; header_2_text_align=&#8220;center&#8220; header_2_text_color=&#8220;#FFFFFF&#8220; header_2_font_size=&#8220;81px&#8220; custom_padding=&#8220;9%||||false|false&#8220; global_colors_info=&#8220;{}&#8220;]<\/p>\n<h2>Dieser Weg, ist ein Bindeglied zwischen Mensch und Seele.<\/h2>\n<p>[\/et_pb_text][\/et_pb_column][\/et_pb_row][\/et_pb_section][et_pb_section fb_built=&#8220;1&#8243; _builder_version=&#8220;4.16&#8243; global_colors_info=&#8220;{}&#8220;][et_pb_row column_structure=&#8220;1_2,1_2&#8243; _builder_version=&#8220;4.16&#8243; global_colors_info=&#8220;{}&#8220;][et_pb_column type=&#8220;1_2&#8243; _builder_version=&#8220;4.16&#8243; custom_padding=&#8220;|||&#8220; global_colors_info=&#8220;{}&#8220; custom_padding__hover=&#8220;|||&#8220;][et_pb_text _builder_version=&#8220;4.23.1&#8243; text_font=&#8220;Cormorant||||||||&#8220; text_text_color=&#8220;#000000&#8243; text_font_size=&#8220;19px&#8220; link_font=&#8220;||||||||&#8220; ul_font=&#8220;||||||||&#8220; header_font=&#8220;||||||||&#8220; header_2_font=&#8220;||||||||&#8220; header_3_font=&#8220;Playlist||||||||&#8220; header_3_font_size=&#8220;57px&#8220; header_3_line_height=&#8220;1.5em&#8220; header_4_font=&#8220;||||||||&#8220; header_5_font=&#8220;Poppins||||||||&#8220; header_5_text_color=&#8220;#000000&#8243; header_5_letter_spacing=&#8220;7px&#8220; header_5_line_height=&#8220;1.8em&#8220; max_width_tablet=&#8220;100%&#8220; max_width_phone=&#8220;100%&#8220; max_width_last_edited=&#8220;on|desktop&#8220; module_alignment=&#8220;center&#8220; custom_margin=&#8220;|||&#8220; custom_padding=&#8220;|||&#8220; global_colors_info=&#8220;{}&#8220;]<\/p>\n<p>Was du f\u00fcr dich mitnimmst:<\/p>\n<ul>\n<li>Deine Sch\u00f6pfungszentren, die Chakren, werden zu sprudelnden Quellen, aus denen du Energie f\u00fcr dein Leben bewegen und sch\u00f6pfen kannst.\u2028\u2028<\/li>\n<li>Zugang zu deinen Energiewerkzeugen und der Anwendung in deinem Leben.\u2028\u2028<\/li>\n<li>Kl\u00e4rung und Einweihung in neue Wahrnehmungsebenen, die \u00fcber dein menschliches Da sein hinaus gehen.\u2028\u2028<\/li>\n<li>Kontakt mit der geistigen Welt und ihren Helfern aufzunehmen und sie in deinem Leben zu kontaktieren und um F\u00fchrung zu bitten.<\/li>\n<li>Eine Sicht auf ein Leben, das viel mehr dir entspricht.\u2028\u2028\u2026\u2026\u2026 vor allem viel mehr Dich!<\/li>\n<\/ul>\n<p>[\/et_pb_text][\/et_pb_column][et_pb_column type=&#8220;1_2&#8243; _builder_version=&#8220;4.16&#8243; custom_padding=&#8220;|||&#8220; global_colors_info=&#8220;{}&#8220; custom_padding__hover=&#8220;|||&#8220;][et_pb_image src=&#8220;https:\/\/olakopplinger.com\/wp-content\/uploads\/2023\/12\/Der-Weg-ins-Licht-2.jpg&#8220; title_text=&#8220;Der-Weg-ins-Licht-2&#8243; align_tablet=&#8220;center&#8220; align_phone=&#8220;&#8220; align_last_edited=&#8220;on|desktop&#8220; _builder_version=&#8220;4.23.1&#8243; width=&#8220;80%&#8220; module_alignment=&#8220;center&#8220; custom_padding=&#8220;0.5%|||||&#8220; global_colors_info=&#8220;{}&#8220;]<br \/>\n[\/et_pb_image][\/et_pb_column][\/et_pb_row][et_pb_row column_structure=&#8220;1_2,1_2&#8243; _builder_version=&#8220;4.16&#8243; global_colors_info=&#8220;{}&#8220;][et_pb_column type=&#8220;1_2&#8243; _builder_version=&#8220;4.16&#8243; custom_padding=&#8220;|||&#8220; global_colors_info=&#8220;{}&#8220; custom_padding__hover=&#8220;|||&#8220;][et_pb_image src=&#8220;https:\/\/olakopplinger.com\/wp-content\/uploads\/2023\/11\/ola-aruna-kopplinger-weber.jpg&#8220; title_text=&#8220;ola-aruna-kopplinger-weber&#8220; _builder_version=&#8220;4.23.1&#8243; width=&#8220;80%&#8220; module_alignment=&#8220;center&#8220; global_colors_info=&#8220;{}&#8220;][\/et_pb_image][\/et_pb_column][et_pb_column type=&#8220;1_2&#8243; _builder_version=&#8220;4.16&#8243; custom_padding=&#8220;|||&#8220; global_colors_info=&#8220;{}&#8220; custom_padding__hover=&#8220;|||&#8220;][et_pb_text _builder_version=&#8220;4.27.4&#8243; text_font=&#8220;Cormorant||||||||&#8220; text_text_color=&#8220;#000000&#8243; text_font_size=&#8220;19px&#8220; link_font=&#8220;||||||||&#8220; ul_font=&#8220;||||||||&#8220; header_font=&#8220;||||||||&#8220; header_2_font=&#8220;||||||||&#8220; header_3_font=&#8220;Playlist||||||||&#8220; header_3_font_size=&#8220;57px&#8220; header_3_line_height=&#8220;1.5em&#8220; header_4_font=&#8220;||||||||&#8220; header_5_font=&#8220;Poppins||||||||&#8220; header_5_text_color=&#8220;#000000&#8243; header_5_letter_spacing=&#8220;7px&#8220; header_5_line_height=&#8220;1.8em&#8220; max_width_tablet=&#8220;100%&#8220; max_width_phone=&#8220;100%&#8220; max_width_last_edited=&#8220;on|desktop&#8220; module_alignment=&#8220;center&#8220; custom_margin=&#8220;|||&#8220; custom_padding=&#8220;|||1px|false|false&#8220; global_colors_info=&#8220;{}&#8220;]<\/p>\n<p><strong>Der Weg ins Licht ist ein intensiv training, das Menschen einl\u00e4dt, sich mit ihrem vollst\u00e4ndigen Potenzial Ihrer Seele zu verbinden. \u2028\u2028<\/strong><\/p>\n<p>Er wurde von Agni Eickermann vor vielen Jahren ins Leben gerufen.\u2028\u2028 Tats\u00e4chlich Worte daf\u00fcr zu finden ist schwierig, den jeder Teilnehmer w\u00fcrde daf\u00fcr andere finden.<\/p>\n<p>Es ist ein Ruf, der dich in deinem Herzen erreicht &#8211; diesen Ruf zu folgen, ist alles was es daf\u00fcr braucht.<\/p>\n<p><strong>Die Wegbegleiter:<\/strong> Ola &amp; Aruna Kopplinger-Weber<br \/><strong>Ort:<\/strong> Online<br \/><strong>Preis:<\/strong> \u20ac 3600.-<\/p>\n<p><strong>Hier geht es zum ersten Schritt:<\/strong><\/p>\n<p>[\/et_pb_text][et_pb_button button_url=&#8220;https:\/\/olakopplinger.com\/kontakt\/&#8220; url_new_window=&#8220;on&#8220; button_text=&#8220;Kontakt&#8220; button_alignment=&#8220;center&#8220; _builder_version=&#8220;4.18.0&#8243; _module_preset=&#8220;default&#8220; custom_button=&#8220;on&#8220; button_bg_color=&#8220;#d9b45e&#8220; button_border_width=&#8220;0px&#8220; button_border_radius=&#8220;0px&#8220; button_font=&#8220;Cormorant||||||||&#8220; background_layout=&#8220;dark&#8220; global_colors_info=&#8220;{}&#8220;][\/et_pb_button][\/et_pb_column][\/et_pb_row][\/et_pb_section]<\/p>\n","protected":false},"excerpt":{"rendered":"<p>Lass dich mitnehmen in die Lebendigkeit und Einzigartigkeit dessen, da\u00df du im Kern Freude bist.<\/p>\n","protected":false},"author":1,"featured_media":0,"parent":0,"menu_order":0,"comment_status":"closed","ping_status":"closed","template":"","meta":{"_et_pb_use_builder":"on","_et_pb_old_content":"","_et_gb_content_width":"","footnotes":""},"class_list":["post-4054","page","type-page","status-publish","hentry"],"_links":{"self":[{"href":"https:\/\/olakopplinger.com\/de\/wp-json\/wp\/v2\/pages\/4054","targetHints":{"allow":["GET"]}}],"collection":[{"href":"https:\/\/olakopplinger.com\/de\/wp-json\/wp\/v2\/pages"}],"about":[{"href":"https:\/\/olakopplinger.com\/de\/wp-json\/wp\/v2\/types\/page"}],"author":[{"embeddable":true,"href":"https:\/\/olakopplinger.com\/de\/wp-json\/wp\/v2\/users\/1"}],"replies":[{"embeddable":true,"href":"https:\/\/olakopplinger.com\/de\/wp-json\/wp\/v2\/comments?post=4054"}],"version-history":[{"count":10,"href":"https:\/\/olakopplinger.com\/de\/wp-json\/wp\/v2\/pages\/4054\/revisions"}],"predecessor-version":[{"id":5178,"href":"https:\/\/olakopplinger.com\/de\/wp-json\/wp\/v2\/pages\/4054\/revisions\/5178"}],"wp:attachment":[{"href":"https:\/\/olakopplinger.com\/de\/wp-json\/wp\/v2\/media?parent=4054"}],"curies":[{"name":"wp","href":"https:\/\/api.w.org\/{rel}","templated":true}]}}