{"id":1982,"date":"2022-09-07T12:54:55","date_gmt":"2022-09-07T10:54:55","guid":{"rendered":"https:\/\/olakopplinger.com\/?page_id=1982"},"modified":"2026-04-15T01:13:27","modified_gmt":"2026-04-14T23:13:27","slug":"haidakhan-retreat","status":"publish","type":"page","link":"https:\/\/olakopplinger.com\/de\/haidakhan-retreat\/","title":{"rendered":"Haidakhan Retreat"},"content":{"rendered":"<p>[et_pb_section fb_built=&#8220;1&#8243; fullwidth=&#8220;on&#8220; _builder_version=&#8220;4.16&#8243; global_colors_info=&#8220;{}&#8220;][et_pb_fullwidth_header subhead=&#8220;Der Weg der 9 Feuer Babajis&#8220; text_orientation=&#8220;center&#8220; button_one_url=&#8220;#2&#8243; background_overlay_color=&#8220;rgba(0,0,0,0.1)&#8220; content_max_width=&#8220;750px&#8220; content_max_width_tablet=&#8220;100%&#8220; content_max_width_phone=&#8220;&#8220; content_max_width_last_edited=&#8220;on|phone&#8220; _builder_version=&#8220;4.27.5&#8243; title_level=&#8220;h4&#8243; title_font=&#8220;||||||||&#8220; title_font_size=&#8220;18px&#8220; title_letter_spacing=&#8220;8px&#8220; title_line_height=&#8220;2em&#8220; content_font_size=&#8220;30px&#8220; content_line_height=&#8220;1.6em&#8220; subhead_font=&#8220;Playlist||||||||&#8220; subhead_text_align=&#8220;center&#8220; subhead_text_color=&#8220;#FFFFFF&#8220; subhead_font_size=&#8220;67px&#8220; subhead_line_height=&#8220;1.5em&#8220; background_color=&#8220;rgba(255,255,255,0)&#8220; background_image=&#8220;https:\/\/olakopplinger.com\/wp-content\/uploads\/2018\/11\/start-feuer-1.jpg&#8220; custom_button_one=&#8220;on&#8220; button_one_text_size=&#8220;14px&#8220; button_one_text_color=&#8220;#ffffff&#8220; button_one_bg_color=&#8220;#c4beb9&#8243; button_one_border_width=&#8220;14px&#8220; button_one_border_color=&#8220;#c4beb9&#8243; button_one_border_radius=&#8220;0px&#8220; button_one_letter_spacing=&#8220;4px&#8220; button_one_font=&#8220;Poppins|500||on|||||&#8220; custom_margin=&#8220;|||&#8220; custom_padding=&#8220;230px||230px||true|false&#8220; child_filter_saturate=&#8220;72%&#8220; animation_style=&#8220;slide&#8220; animation_direction=&#8220;bottom&#8220; animation_duration=&#8220;1300ms&#8220; animation_intensity_slide=&#8220;9%&#8220; subhead_font_size_tablet=&#8220;40px&#8220; subhead_font_size_phone=&#8220;&#8220; subhead_font_size_last_edited=&#8220;on|desktop&#8220; title_text_shadow_style=&#8220;preset2&#8243; subhead_text_shadow_style=&#8220;preset4&#8243; subhead_text_shadow_color=&#8220;#800000&#8243; button_one_text_color_hover=&#8220;#ffffff&#8220; button_one_border_color_hover=&#8220;#ecd5c5&#8243; button_one_border_radius_hover=&#8220;0px&#8220; button_one_letter_spacing_hover=&#8220;4px&#8220; button_one_bg_color_hover=&#8220;#ecd5c5&#8243; global_colors_info=&#8220;{}&#8220; button_one_text_size__hover_enabled=&#8220;off&#8220; button_two_text_size__hover_enabled=&#8220;off&#8220; button_one_text_color__hover_enabled=&#8220;on&#8220; button_one_text_color__hover=&#8220;#ffffff&#8220; button_two_text_color__hover_enabled=&#8220;off&#8220; button_one_border_width__hover_enabled=&#8220;off&#8220; button_two_border_width__hover_enabled=&#8220;off&#8220; button_one_border_color__hover_enabled=&#8220;on&#8220; button_one_border_color__hover=&#8220;#ecd5c5&#8243; button_two_border_color__hover_enabled=&#8220;off&#8220; button_one_border_radius__hover_enabled=&#8220;on&#8220; button_one_border_radius__hover=&#8220;0px&#8220; button_two_border_radius__hover_enabled=&#8220;off&#8220; button_one_letter_spacing__hover_enabled=&#8220;on&#8220; button_one_letter_spacing__hover=&#8220;4px&#8220; button_two_letter_spacing__hover_enabled=&#8220;off&#8220; button_one_bg_color__hover_enabled=&#8220;on&#8220; button_one_bg_color__hover=&#8220;#ecd5c5&#8243; button_two_bg_color__hover_enabled=&#8220;off&#8220;]<\/p>\n<p>Das Erwachen des Ursprungsfeuers in der neuen Zeit<\/p>\n<p>[\/et_pb_fullwidth_header][\/et_pb_section][et_pb_section fb_built=&#8220;1&#8243; admin_label=&#8220;About Us&#8220; module_id=&#8220;2&#8243; _builder_version=&#8220;4.16&#8243; background_color=&#8220;#f4f4f4&#8243; custom_padding=&#8220;37px|0px|37px|0px|true|false&#8220; global_colors_info=&#8220;{}&#8220;][et_pb_row _builder_version=&#8220;4.18.0&#8243; global_colors_info=&#8220;{}&#8220;][et_pb_column type=&#8220;4_4&#8243; _builder_version=&#8220;4.16&#8243; custom_padding=&#8220;|||&#8220; global_colors_info=&#8220;{}&#8220; custom_padding__hover=&#8220;|||&#8220;][et_pb_text _builder_version=&#8220;4.27.4&#8243; text_font=&#8220;Cormorant||||||||&#8220; text_text_color=&#8220;#000000&#8243; text_font_size=&#8220;19px&#8220; link_font=&#8220;||||||||&#8220; ul_font=&#8220;||||||||&#8220; header_font=&#8220;||||||||&#8220; header_2_font=&#8220;||||||||&#8220; header_3_font=&#8220;Playlist||||||||&#8220; header_3_font_size=&#8220;81px&#8220; header_3_line_height=&#8220;1.5em&#8220; header_4_font=&#8220;||||||||&#8220; header_5_font=&#8220;Poppins||||||||&#8220; header_5_text_color=&#8220;#000000&#8243; header_5_letter_spacing=&#8220;7px&#8220; header_5_line_height=&#8220;1.8em&#8220; max_width=&#8220;71%&#8220; max_width_tablet=&#8220;100%&#8220; max_width_phone=&#8220;100%&#8220; max_width_last_edited=&#8220;on|desktop&#8220; module_alignment=&#8220;center&#8220; custom_margin=&#8220;|||&#8220; custom_padding=&#8220;|||&#8220; global_colors_info=&#8220;{}&#8220;]<\/p>\n<p>Der Weg der 9 Feuer Babajis ist ein heiliger Initiationsweg, durch den sich die lebendige Kraft Haidakhans in dieser Zeit neu in der Welt verstr\u00f6men m\u00f6chte.\u2028Babaji ruft jene, deren Herz bereits Heimat in Ihm gefunden hat \u2013 um das Feuer Haidakhans lebendig zu halten und es in die Welt zu tragen.<\/p>\n<p>Das Feuer in Haidakhan ist \u00e4u\u00dferlich erloschen, im Boden versunken \u2013 doch seine Wurzeln brennen weiter.\u2028In diese Wurzeln tauchen wir ein \u2013 \u00fcber unsere eigene Verwurzelung, unser eigenes Feuer \u2013 um den Ursprung neu zu geb\u00e4ren.<\/p>\n<p>Jedes der neun Feuer steht f\u00fcr eine Initiationsstufe, einen Aspekt der g\u00f6ttlichen Manifestation, und f\u00fchrt tiefer in die Verk\u00f6rperung der Babaji-Energie hinein.\u2028Dies ist eine Reise, die deine Verbindung mit Babaji und Haidakhan noch sichtbarer werden l\u00e4sst \u2013 und deinen Auftrag erkennbar macht.<\/p>\n<p>Durch meine Begleitung und die Gemeinschaft, die Babaji verbindet, bist du nicht allein \u2013 dein Weg ins Tun wird unterst\u00fctzt und getragen.<\/p>\n<p>[\/et_pb_text][\/et_pb_column][\/et_pb_row][\/et_pb_section][et_pb_section fb_built=&#8220;1&#8243; admin_label=&#8220;About Us&#8220; _builder_version=&#8220;4.27.4&#8243; background_color=&#8220;#f4f4f4&#8243; use_background_color_gradient=&#8220;on&#8220; background_color_gradient_stops=&#8220;#ffffff 0%|#ffffff 100%&#8220; background_color_gradient_start=&#8220;#ffffff&#8220; background_color_gradient_end=&#8220;#ffffff&#8220; background_image=&#8220;https:\/\/olakopplinger.com\/wp-content\/uploads\/2022\/02\/home-coming-retreat-ola-kopplinger.jpg&#8220; parallax=&#8220;on&#8220; parallax_method=&#8220;off&#8220; custom_padding=&#8220;20%|0px|20%|0px|true|false&#8220; global_colors_info=&#8220;{}&#8220;][\/et_pb_section][et_pb_section fb_built=&#8220;1&#8243; admin_label=&#8220;About Us&#8220; module_id=&#8220;2&#8243; _builder_version=&#8220;4.16&#8243; background_color=&#8220;#f4f4f4&#8243; custom_padding=&#8220;37px|0px|37px|0px|true|false&#8220; global_colors_info=&#8220;{}&#8220;][et_pb_row _builder_version=&#8220;4.18.0&#8243; global_colors_info=&#8220;{}&#8220;][et_pb_column type=&#8220;4_4&#8243; _builder_version=&#8220;4.16&#8243; custom_padding=&#8220;|||&#8220; global_colors_info=&#8220;{}&#8220; custom_padding__hover=&#8220;|||&#8220;][et_pb_text _builder_version=&#8220;4.27.4&#8243; text_font=&#8220;Cormorant||||||||&#8220; text_text_color=&#8220;#000000&#8243; text_font_size=&#8220;19px&#8220; link_font=&#8220;||||||||&#8220; ul_font=&#8220;||||||||&#8220; header_font=&#8220;||||||||&#8220; header_2_font=&#8220;||||||||&#8220; header_3_font=&#8220;Playlist||||||||&#8220; header_3_font_size=&#8220;81px&#8220; header_3_line_height=&#8220;1.5em&#8220; header_4_font=&#8220;||||||||&#8220; header_5_font=&#8220;Poppins||||||||&#8220; header_5_text_color=&#8220;#000000&#8243; header_5_letter_spacing=&#8220;7px&#8220; header_5_line_height=&#8220;1.8em&#8220; max_width=&#8220;71%&#8220; max_width_tablet=&#8220;100%&#8220; max_width_phone=&#8220;100%&#8220; max_width_last_edited=&#8220;on|desktop&#8220; module_alignment=&#8220;center&#8220; custom_margin=&#8220;|||&#8220; custom_padding=&#8220;|||&#8220; global_colors_info=&#8220;{}&#8220;]<\/p>\n<p><strong>\ud83d\udd25 1. Feuer \u2013 Das Feuer der g\u00f6ttlichen Mutter von Haidakhan<\/strong><br \/>Haidakhandeshwari Ma \u2013 der Scho\u00df der Sch\u00f6pfung.\u2028Aus ihr ist alles erbl\u00fcht, geboren und in Form getreten. Dieses erste Feuer \u00f6ffnet dich f\u00fcr den Weg der 9 Feuer \u2013 es ist die Grundlage, auf der alles w\u00e4chst und erbl\u00fcht.\u2028Dieses Feuer l\u00e4dt die Urkraft der g\u00f6ttlichen Mutter ein \u2013 die Sch\u00f6pferin der Form und Quelle allen Lebens.<\/p>\n<p><strong>\ud83d\udd25 2. Feuer \u2013 Der Ursprung des Lichts<\/strong><br \/>Das zweite Feuer erinnert dich an das Licht, aus dem du geboren bist.\u2028Es bringt Bewusstsein \u00fcber deinen Ursprung und leitet den Durchbruch ins eigene Licht ein.<\/p>\n<p><strong>\ud83d\udd25 3. Feuer \u2013 Anfang und Ende sind eins<\/strong><br \/>Geburt und Sterben, Anfang und Ende \u2013 vereinen sich im ewigen Kreis des Seins.\u2028Dieses Feuer f\u00fchrt in die Tiefe der Hingabe und Entspannung, in der das Ich sich l\u00f6st.<\/p>\n<p><strong>\ud83d\udd25 4. Feuer \u2013 Die Sonne des Neuen<\/strong><br \/>Ein Sonnenfeuer, das die Tore in das Neue Zeitalter \u00f6ffnet \u2013 in Frieden, Licht und Bewusstheit.<\/p>\n<p><strong>\ud83d\udd25 5. Feuer \u2013 Gottes Worte am Feuer von Babaji<\/strong><br \/>Das Ursprungsfeuer Babajis.\u2028Durch das Gebet von Aruna \u00f6ffnet sich der Zugang in das neue Zeitalter, in dem du zum Lichtbringer Babajis wirst.\u2028Dein individueller Samen Haidakhans wird in die Welt hinausgetragen.<\/p>\n<p><strong>\ud83d\udd25 6. Feuer \u2013 Der Ruf des Tuns \/ Befreiung der Handlungsebene<\/strong><br \/>\u201eIch bin, was ich bin \u2013 und was ich immer war.\u201c\u2028Dieses Feuer verbindet dich mit der Energie von Babajis H\u00f6hle \u2013 dem Ort des R\u00fcckzugs, der Sch\u00f6pfung und seiner Teachings.\u2028Hier empf\u00e4ngt jede:r Teilnehmer:in ein individuelles Teaching:\u2028Was sollst du von Babaji und Haidakhan in die Welt tragen?<\/p>\n<p><strong>\ud83d\udd25 7. Feuer \u2013 Gottes Gnade sei mit dir<\/strong><br \/>Dieses Feuer verankert bedingungslose Liebe und den Segen Babajis im Herzen.\u2028Es schenkt Vertrauen, dich auf deinem Weg immer wieder an die Quelle r\u00fcckzubinden.\u2028Jede:r Teilnehmer:in erh\u00e4lt ein individuelles Reading \u00fcber die pers\u00f6nliche Verbindung zu Babaji und den eigenen Auftrag in dieser Zeit.<\/p>\n<p><strong>\ud83d\udd25 8. Feuer \u2013 Das S\u00e4en des neuen Weges<\/strong><br \/>Hier beginnt die Initiation des Neuen.\u2028Gemeinsam s\u00e4en wir die Samen des neuen Weges.\u2028Aruna legt den N\u00e4hrboden, Ola \u00f6ffnet den Zugang zur eigenen Geschichte mit Babaji \u2013 eine heilige R\u00fcckverbindung an den Ursprung.<\/p>\n<p><strong>\ud83d\udd25 9. Feuer \u2013 Vollendung des Weges<\/strong><br \/>Das goldene Feuer vereint sich mit dem Ursprungsfeuer Babajis.\u2028Hier geschieht die Vollendung und R\u00fcckkehr in das g\u00f6ttliche Einssein.<\/p>\n<p>[\/et_pb_text][\/et_pb_column][\/et_pb_row][\/et_pb_section][et_pb_section fb_built=&#8220;1&#8243; _builder_version=&#8220;4.16&#8243; background_color=&#8220;rgba(229,229,229,0.69)&#8220; parallax=&#8220;on&#8220; custom_padding=&#8220;13px|0px|51.1875px|0px|false|false&#8220; global_colors_info=&#8220;{}&#8220;][et_pb_row _builder_version=&#8220;4.18.0&#8243; _module_preset=&#8220;default&#8220; global_colors_info=&#8220;{}&#8220;][et_pb_column type=&#8220;4_4&#8243; _builder_version=&#8220;4.18.0&#8243; _module_preset=&#8220;default&#8220; global_colors_info=&#8220;{}&#8220;][et_pb_blurb image_icon_background_color=&#8220;RGBA(255,255,255,0)&#8220; image=&#8220;https:\/\/olakopplinger.com\/wp-content\/uploads\/2018\/11\/mandala_gold.png&#8220; image_icon_width=&#8220;36%&#8220; _builder_version=&#8220;4.18.0&#8243; header_level=&#8220;h5&#8243; header_font=&#8220;Playlist||||||||&#8220; header_text_align=&#8220;center&#8220; header_font_size=&#8220;39px&#8220; body_font=&#8220;Poppins||||||||&#8220; body_text_align=&#8220;center&#8220; body_letter_spacing=&#8220;3px&#8220; background_color=&#8220;RGBA(255,255,255,0)&#8220; custom_padding=&#8220;0.4%|10%|0.4%|10%|true|&#8220; border_color_all_image=&#8220;RGBA(255,255,255,0)&#8220; image_max_width=&#8220;36%&#8220; global_colors_info=&#8220;{}&#8220;][\/et_pb_blurb][\/et_pb_column][\/et_pb_row][et_pb_row column_structure=&#8220;1_2,1_2&#8243; _builder_version=&#8220;4.18.0&#8243; global_colors_info=&#8220;{}&#8220;][et_pb_column type=&#8220;1_2&#8243; _builder_version=&#8220;4.16&#8243; custom_padding=&#8220;|||&#8220; global_colors_info=&#8220;{}&#8220; custom_padding__hover=&#8220;|||&#8220;][et_pb_text _builder_version=&#8220;4.27.4&#8243; text_font=&#8220;Cormorant||||||||&#8220; text_text_color=&#8220;#000000&#8243; text_font_size=&#8220;19px&#8220; link_font=&#8220;||||||||&#8220; ul_font=&#8220;||||||||&#8220; header_font=&#8220;||||||||&#8220; header_2_font=&#8220;||||||||&#8220; header_3_font=&#8220;Playlist||||||||&#8220; header_3_font_size=&#8220;81px&#8220; header_3_line_height=&#8220;1.5em&#8220; header_4_font=&#8220;||||||||&#8220; header_5_font=&#8220;Poppins||||||||&#8220; header_5_text_color=&#8220;#000000&#8243; header_5_letter_spacing=&#8220;7px&#8220; header_5_line_height=&#8220;1.8em&#8220; max_width=&#8220;100%&#8220; max_width_tablet=&#8220;100%&#8220; max_width_phone=&#8220;100%&#8220; max_width_last_edited=&#8220;on|desktop&#8220; module_alignment=&#8220;center&#8220; custom_margin=&#8220;|||&#8220; custom_padding=&#8220;||0px|||&#8220; global_colors_info=&#8220;{}&#8220;]<\/p>\n<h5>Ziel und Wirkung des Weges<\/h5>\n<p>Der Weg der 9 Feuer f\u00fchrt dich in eine tiefe R\u00fcckverbindung mit dem Ursprung deiner Seele, deiner Aufgabe und deiner sch\u00f6pferischen Kraft.\u2028Er \u00f6ffnet den Raum f\u00fcr ein neues Bewusstsein \u2013 das Erwachen des g\u00f6ttlichen Feuers in dir und in der Welt.<\/p>\n<p><strong>Daten:<\/strong><\/p>\n<ul>\n<li>9 Monate<\/li>\n<li>Feuersession (4\u20135 Stunden) einmal monatlich, online<\/li>\n<li>1 Q&amp;A monatlich<\/li>\n<li>Austausch in der Facebookgruppe w\u00e4hrend des gesamten Zeitraums<\/li>\n<li>Start: 19. April 2026<\/li>\n<\/ul>\n<p><strong>\ud83d\udcab Energieausgleich f\u00fcr diesen Initiationsweg:<\/strong> <strong>5.555 \u20ac<\/strong><\/p>\n<p>[\/et_pb_text][et_pb_button button_url=&#8220;\/de\/kontakt&#8220; button_text=&#8220;\u2028Jetzt anmelden &#038; Platz sichern&#8220; _builder_version=&#8220;4.27.4&#8243; _module_preset=&#8220;default&#8220; global_colors_info=&#8220;{}&#8220;][\/et_pb_button][\/et_pb_column][et_pb_column type=&#8220;1_2&#8243; _builder_version=&#8220;4.16&#8243; custom_padding=&#8220;|||&#8220; global_colors_info=&#8220;{}&#8220; custom_padding__hover=&#8220;|||&#8220;][et_pb_image src=&#8220;https:\/\/olakopplinger.com\/wp-content\/uploads\/2023\/12\/weiblicher-shiva-2.jpg&#8220; title_text=&#8220;weiblicher-shiva-2&#8243; _builder_version=&#8220;4.27.4&#8243; _module_preset=&#8220;default&#8220; global_colors_info=&#8220;{}&#8220;][\/et_pb_image][\/et_pb_column][\/et_pb_row][\/et_pb_section][et_pb_section fb_built=&#8220;1&#8243; admin_label=&#8220;About Us&#8220; _builder_version=&#8220;4.27.4&#8243; background_color=&#8220;#f4f4f4&#8243; use_background_color_gradient=&#8220;on&#8220; background_color_gradient_stops=&#8220;rgba(255,255,255,0.45) 0%|rgba(255,255,255,0.52) 100%&#8220; background_color_gradient_overlays_image=&#8220;on&#8220; background_color_gradient_start=&#8220;#ffffff&#8220; background_color_gradient_end=&#8220;#ffffff&#8220; background_image=&#8220;https:\/\/olakopplinger.com\/wp-content\/uploads\/2019\/05\/retreat_Haidakhan_ola_kopplinger-5.jpg&#8220; parallax=&#8220;on&#8220; parallax_method=&#8220;off&#8220; custom_padding=&#8220;9%|0px|9%|0px|true|false&#8220; global_colors_info=&#8220;{}&#8220;][et_pb_row _builder_version=&#8220;4.16&#8243; global_colors_info=&#8220;{}&#8220;][et_pb_column type=&#8220;4_4&#8243; _builder_version=&#8220;4.16&#8243; custom_padding=&#8220;|||&#8220; global_colors_info=&#8220;{}&#8220; custom_padding__hover=&#8220;|||&#8220;][et_pb_text _builder_version=&#8220;4.27.4&#8243; header_font=&#8220;Playlist||||||||&#8220; header_2_font=&#8220;Playlist||||||||&#8220; header_2_text_align=&#8220;center&#8220; header_2_text_color=&#8220;#800000&#8243; header_2_font_size=&#8220;81px&#8220; header_2_line_height=&#8220;1.5em&#8220; header_2_text_shadow_style=&#8220;preset4&#8243; header_2_text_shadow_vertical_length=&#8220;0.05em&#8220; header_2_text_shadow_color=&#8220;#FFFFFF&#8220; global_colors_info=&#8220;{}&#8220;]<\/p>\n<h2>In Haidakhan glauben wir nicht an Wunder \u2013 wir erschaffen sie.<br \/>&#8211; Babaji &#8211;<\/h2>\n<p>[\/et_pb_text][\/et_pb_column][\/et_pb_row][\/et_pb_section][et_pb_section fb_built=&#8220;1&#8243; _builder_version=&#8220;4.16&#8243; global_colors_info=&#8220;{}&#8220;][et_pb_row column_structure=&#8220;1_2,1_2&#8243; _builder_version=&#8220;4.16&#8243; global_colors_info=&#8220;{}&#8220;][et_pb_column type=&#8220;1_2&#8243; _builder_version=&#8220;4.16&#8243; custom_padding=&#8220;|||&#8220; global_colors_info=&#8220;{}&#8220; custom_padding__hover=&#8220;|||&#8220;][et_pb_text _builder_version=&#8220;4.27.4&#8243; text_font=&#8220;Cormorant||||||||&#8220; text_text_color=&#8220;#000000&#8243; text_font_size=&#8220;19px&#8220; link_font=&#8220;||||||||&#8220; ul_font=&#8220;||||||||&#8220; header_font=&#8220;||||||||&#8220; header_2_font=&#8220;||||||||&#8220; header_3_font=&#8220;Playlist||||||||&#8220; header_3_font_size=&#8220;57px&#8220; header_3_line_height=&#8220;1.5em&#8220; header_4_font=&#8220;||||||||&#8220; header_5_font=&#8220;Poppins||||||||&#8220; header_5_text_color=&#8220;#000000&#8243; header_5_letter_spacing=&#8220;7px&#8220; header_5_line_height=&#8220;1.8em&#8220; max_width_tablet=&#8220;100%&#8220; max_width_phone=&#8220;100%&#8220; max_width_last_edited=&#8220;on|desktop&#8220; module_alignment=&#8220;center&#8220; custom_margin=&#8220;|||&#8220; custom_padding=&#8220;|||&#8220; global_colors_info=&#8220;{}&#8220;]<\/p>\n<h5><strong>Ich habe es selbst immer wieder erleben d\u00fcrfen!<\/strong><\/h5>\n<p data-start=\"106\" data-end=\"285\"><strong data-start=\"106\" data-end=\"207\">In all meinen langj\u00e4hrigen Aufenthalten in Haidakhan Vishva Mahadham (dem Zentrum des Universums)<\/strong> durfte ich immer wieder erfahren:<br data-start=\"241\" data-end=\"244\" \/>Babaji und Haidakhan sind Wunscherf\u00fcller.<\/p>\n<p data-start=\"287\" data-end=\"535\">Wahrliche Wunder \u2013 die meine eigenen Kompetenzen des menschlichen Geistes \u00fcbersteigen \u2013 durfte ich dort erleben. Dinge wurden f\u00fcr mich kreiert und manifestiert, auf eine Weise, die jenseits dessen liegt, was wir mit unserem Verstand greifen k\u00f6nnen.<\/p>\n<p data-start=\"537\" data-end=\"608\">In der tiefen Verbindung mit Babaji werden tats\u00e4chlich W\u00fcnsche erf\u00fcllt.<\/p>\n<p data-start=\"610\" data-end=\"796\">In den gemeinsamen R\u00e4umen der <strong data-start=\"640\" data-end=\"651\">9 Feuer<\/strong> tauchen wir tief in die Energie von Babaji und Haidakhan in uns selbst ein.<br data-start=\"727\" data-end=\"730\" \/>Wir verankern diese Verbindung greifbar in der Tiefe eurer Herzen.<\/p>\n<p data-start=\"798\" data-end=\"1026\">Damit die Wahrhaftigkeit deines g\u00f6ttlichen Wesens noch irdischer werden kann \u2013 und du ein noch feineres Unterscheidungsverm\u00f6gen entwickelst zwischen all den unendlichen M\u00f6glichkeiten, aus denen wir uns W\u00fcnsche erschaffen k\u00f6nnen.<\/p>\n<p data-start=\"1028\" data-end=\"1164\">Gerade in dieser Zeit, in einer Welt, in der Irref\u00fchrung oft schwer erkennbar ist, lernen wir den Respekt vor dem G\u00f6ttlichen in uns neu.<\/p>\n<p data-start=\"1393\" data-end=\"1627\" data-is-last-node=\"\" data-is-only-node=\"\">\n<p>[\/et_pb_text][\/et_pb_column][et_pb_column type=&#8220;1_2&#8243; _builder_version=&#8220;4.16&#8243; custom_padding=&#8220;|||&#8220; global_colors_info=&#8220;{}&#8220; custom_padding__hover=&#8220;|||&#8220;][et_pb_image src=&#8220;https:\/\/olakopplinger.com\/wp-content\/uploads\/2023\/01\/Ola-Kopplinger-Salzheilerausbildung-zum-energetischen-Zahnheiler-.jpeg&#8220; title_text=&#8220;Ola Kopplinger Salzheilerausbildung zum energetischen Zahnheiler&#8220; align_tablet=&#8220;center&#8220; align_phone=&#8220;&#8220; align_last_edited=&#8220;on|desktop&#8220; _builder_version=&#8220;4.27.4&#8243; custom_padding=&#8220;0.5%|||||&#8220; global_colors_info=&#8220;{}&#8220;]<br \/>\n[\/et_pb_image][\/et_pb_column][\/et_pb_row][et_pb_row column_structure=&#8220;1_2,1_2&#8243; _builder_version=&#8220;4.27.4&#8243; width=&#8220;83%&#8220; max_width=&#8220;1317px&#8220; max_height=&#8220;1000px&#8220; global_colors_info=&#8220;{}&#8220;][et_pb_column type=&#8220;1_2&#8243; _builder_version=&#8220;4.16&#8243; custom_padding=&#8220;|||&#8220; global_colors_info=&#8220;{}&#8220; custom_padding__hover=&#8220;|||&#8220;][et_pb_image src=&#8220;https:\/\/olakopplinger.com\/wp-content\/uploads\/2024\/06\/NAHI4276-scaled.jpeg&#8220; title_text=&#8220;NAHI4276&#8243; _builder_version=&#8220;4.27.6&#8243; _module_preset=&#8220;default&#8220; global_colors_info=&#8220;{}&#8220;][\/et_pb_image][\/et_pb_column][et_pb_column type=&#8220;1_2&#8243; _builder_version=&#8220;4.16&#8243; custom_padding=&#8220;|||&#8220; global_colors_info=&#8220;{}&#8220; custom_padding__hover=&#8220;|||&#8220;][et_pb_text _builder_version=&#8220;4.27.4&#8243; text_font=&#8220;Cormorant||||||||&#8220; text_text_color=&#8220;#000000&#8243; text_font_size=&#8220;19px&#8220; link_font=&#8220;||||||||&#8220; ul_font=&#8220;||||||||&#8220; header_font=&#8220;||||||||&#8220; header_2_font=&#8220;||||||||&#8220; header_3_font=&#8220;Playlist||||||||&#8220; header_3_font_size=&#8220;57px&#8220; header_3_line_height=&#8220;1.5em&#8220; header_4_font=&#8220;||||||||&#8220; header_5_font=&#8220;Poppins||||||||&#8220; header_5_text_color=&#8220;#000000&#8243; header_5_letter_spacing=&#8220;7px&#8220; header_5_line_height=&#8220;1.8em&#8220; max_width_tablet=&#8220;100%&#8220; max_width_phone=&#8220;100%&#8220; max_width_last_edited=&#8220;on|desktop&#8220; module_alignment=&#8220;center&#8220; custom_margin=&#8220;|||&#8220; custom_padding=&#8220;||||false|false&#8220; global_colors_info=&#8220;{}&#8220;]<\/p>\n<h5><\/h5>\n<p>&nbsp;<\/p>\n<p>\ud83c\udf1e <strong>DENN NUR WUNSCHERF\u00dcLLUNG AUS <br \/>WAHRHEIT, EINFACHHEIT UND LIEBE <br \/>IST AUF LANGE SICHT WIRKLICH TIEF ERF\u00dcLLEND.<\/strong><\/p>\n<p data-start=\"1277\" data-end=\"1447\">Du wirst zu einem Kanal von Babaji und Haidakhan, aus dem du sch\u00f6pfst \u2013 und durch den ein Teil dieser Wunscherf\u00fcllung in deiner Welt weitergetragen und manifestiert wird.<\/p>\n<p data-start=\"1449\" data-end=\"1470\"><strong data-start=\"1449\" data-end=\"1470\">Om Namah Shivaya.<\/strong><\/p>\n<p>[\/et_pb_text][\/et_pb_column][\/et_pb_row][et_pb_row column_structure=&#8220;1_2,1_2&#8243; _builder_version=&#8220;4.16&#8243; global_colors_info=&#8220;{}&#8220;][et_pb_column type=&#8220;1_2&#8243; _builder_version=&#8220;4.16&#8243; custom_padding=&#8220;|||&#8220; global_colors_info=&#8220;{}&#8220; custom_padding__hover=&#8220;|||&#8220;][\/et_pb_column][et_pb_column type=&#8220;1_2&#8243; _builder_version=&#8220;4.16&#8243; custom_padding=&#8220;|||&#8220; global_colors_info=&#8220;{}&#8220; custom_padding__hover=&#8220;|||&#8220;][et_pb_button button_url=&#8220;\/de\/kontakt&#8220; button_text=&#8220;\u2028Jetzt anmelden &#038; Platz sichern&#8220; _builder_version=&#8220;4.27.4&#8243; _module_preset=&#8220;default&#8220; global_colors_info=&#8220;{}&#8220;][\/et_pb_button][\/et_pb_column][\/et_pb_row][\/et_pb_section]<\/p>\n","protected":false},"excerpt":{"rendered":"<p>Lass dich mitnehmen in die Lebendigkeit und Einzigartigkeit dessen, da\u00df du im Kern Freude bist.<\/p>\n","protected":false},"author":1,"featured_media":0,"parent":0,"menu_order":0,"comment_status":"closed","ping_status":"closed","template":"","meta":{"_et_pb_use_builder":"on","_et_pb_old_content":"","_et_gb_content_width":"","footnotes":""},"class_list":["post-1982","page","type-page","status-publish","hentry"],"_links":{"self":[{"href":"https:\/\/olakopplinger.com\/de\/wp-json\/wp\/v2\/pages\/1982","targetHints":{"allow":["GET"]}}],"collection":[{"href":"https:\/\/olakopplinger.com\/de\/wp-json\/wp\/v2\/pages"}],"about":[{"href":"https:\/\/olakopplinger.com\/de\/wp-json\/wp\/v2\/types\/page"}],"author":[{"embeddable":true,"href":"https:\/\/olakopplinger.com\/de\/wp-json\/wp\/v2\/users\/1"}],"replies":[{"embeddable":true,"href":"https:\/\/olakopplinger.com\/de\/wp-json\/wp\/v2\/comments?post=1982"}],"version-history":[{"count":15,"href":"https:\/\/olakopplinger.com\/de\/wp-json\/wp\/v2\/pages\/1982\/revisions"}],"predecessor-version":[{"id":5270,"href":"https:\/\/olakopplinger.com\/de\/wp-json\/wp\/v2\/pages\/1982\/revisions\/5270"}],"wp:attachment":[{"href":"https:\/\/olakopplinger.com\/de\/wp-json\/wp\/v2\/media?parent=1982"}],"curies":[{"name":"wp","href":"https:\/\/api.w.org\/{rel}","templated":true}]}}